{"id":7009,"date":"2018-05-18T19:56:50","date_gmt":"2018-05-18T23:56:50","guid":{"rendered":"https:\/\/cpar.ufms.br\/?page_id=7009"},"modified":"2018-05-24T16:18:07","modified_gmt":"2018-05-24T20:18:07","slug":"mudando-para-humanizar-acolhendo","status":"publish","type":"page","link":"https:\/\/cpar.ufms.br\/en\/clinica-de-psicologia\/acolhimento-psicologico-comunidade-externa\/mudando-para-humanizar-acolhendo\/","title":{"rendered":"MUDANDO PARA HUMANIZAR: ACOLHENDO"},"content":{"rendered":"<p style=\"text-align: justify\">Implantado a partir de outubro de 2017, o novo modelo de funcionamento tem como atividade central o \u201cPlant\u00e3o de Acolhimento\u201d. Neste, atuam mais de 40 (quarenta) acad\u00eamicos supervisionados por 10 (dez) professores-psic\u00f3logos. Com turnos de plant\u00f5es fixos, todos os dias \u00fateis da semana, e nos tr\u00eas per\u00edodos (manh\u00e3, tarde e noite), a Cl\u00ednica-Escola passou a acolher mais prontamente as pessoas que buscam apoio psicol\u00f3gico, sem que seja necess\u00e1rio aguardar em fila de espera, no primeiro momento.<\/p>\n<p style=\"text-align: justify\">O\/A interessado\/a chega, \u00e9 recebido\/a pelo profissional da recep\u00e7\u00e3o que preenche uma Ficha de Identifica\u00e7\u00e3o simples e \u00e9 direcionado para o ACOLHIMENTO, com algum dos estagi\u00e1rios de plant\u00e3o. Entretanto, pode acontecer que todos os acad\u00eamicos estejam em atendimento, ou seja, as pessoas ter\u00e3o que aguardar um tempo at\u00e9 o in\u00edcio do pr\u00f3ximo hor\u00e1rio dispon\u00edvel.<\/p>\n<p style=\"text-align: justify\">Acolher \u00e9 \u201cdar acolhida, recepcionar, admitir, aceitar, dar ouvidos, dar cr\u00e9dito, agasalhar, receber, atender, admitir, tomar em considera\u00e7\u00e3o.\u201d O ACOLHIMENTO, como ato ou efeito de acolher, expressa, em suas v\u00e1rias defini\u00e7\u00f5es, uma a\u00e7\u00e3o de aproxima\u00e7\u00e3o, um \u201cestar com\u201d e um \u201cestar perto de\u201d, ou seja, uma atitude de inclus\u00e3o. Assim, implica, principalmente, estar em rela\u00e7\u00e3o com algu\u00e9m.<\/p>\n<p style=\"text-align: justify\">Com base nestas\u00a0no\u00e7\u00f5es\u00a0\u00e9 que a Se\u00e7\u00e3o de Psicologia adotou a Diretriz do Acolhimento em seu Plant\u00e3o, hoje, uma das mais importantes\u00a0diretrizes da Pol\u00edtica Nacional de Sa\u00fade.\u00a0Pretendemos que nossa Cl\u00ednica-Escola se integre mais fortemente, em car\u00e1ter complementar,\u00a0\u00e0 rede de servi\u00e7os p\u00fablicos de Parana\u00edba e, articuladamente a essa, atue com vias a contribuir com a sa\u00fade da popula\u00e7\u00e3o. Interlocu\u00e7\u00f5es com os servi\u00e7os locais est\u00e1 sendo intensificadas, tais como UBSs, Escolas, CRAS, CREAS, Conselho Tutelar, entre outros.<\/p>\n<p style=\"text-align: justify\">\u00c9 importante esclarecer que as modalidades de atendimento em Psicologia s\u00e3o atualmente muito diversificadas. Embora o atendimento psicoter\u00e1pico (aquele que ocorre toda semana, em hor\u00e1rio fixo, por um per\u00edodo de tempo indeterminado) seja a modalidade mais conhecida, esta n\u00e3o \u00e9 a \u00fanica, nem tampouco aquela que \u00e9 mais indicada no caso de determinados problemas e situa\u00e7\u00f5es de nossas vidas. Assim, o &#8220;Plant\u00e3o de Acolhimento&#8221; tem por objetivo auxiliar na identifica\u00e7\u00e3o dos recursos mais necess\u00e1rios em cada situa\u00e7\u00e3o.<\/p>\n","protected":false},"excerpt":{"rendered":"<p>Implantado a partir de outubro de 2017, o novo modelo de funcionamento tem como atividade central o \u201cPlant\u00e3o de Acolhimento\u201d. Neste, atuam mais de 40 (quarenta) acad\u00eamicos supervisionados por 10 (dez) professores-psic\u00f3logos. Com turnos de plant\u00f5es fixos, todos os dias \u00fateis da semana, e nos tr\u00eas per\u00edodos (manh\u00e3, tarde e noite), a Cl\u00ednica-Escola passou a [&hellip;]<\/p>\n","protected":false},"author":1381,"featured_media":2478,"parent":6991,"menu_order":0,"comment_status":"closed","ping_status":"closed","template":"page-templates\/page-subcoordenadoria.php","meta":{"footnotes":""},"coauthors":[],"class_list":["post-7009","page","type-page","status-publish","has-post-thumbnail","hentry"],"yoast_head":"<!-- This site is optimized with the Yoast SEO plugin v26.2 - https:\/\/yoast.com\/wordpress\/plugins\/seo\/ -->\n<title>MUDANDO PARA HUMANIZAR: ACOLHENDO - CPAR - Campus de Parana\u00edba<\/title>\n<meta name=\"robots\" content=\"index, follow, max-snippet:-1, max-image-preview:large, max-video-preview:-1\" \/>\n<link rel=\"canonical\" href=\"https:\/\/cpar.ufms.br\/clinica-de-psicologia\/acolhimento-psicologico-comunidade-externa\/mudando-para-humanizar-acolhendo\/\" \/>\n<meta property=\"og:locale\" content=\"en_US\" \/>\n<meta property=\"og:type\" content=\"article\" \/>\n<meta property=\"og:title\" content=\"MUDANDO PARA HUMANIZAR: ACOLHENDO - CPAR - Campus de Parana\u00edba\" \/>\n<meta property=\"og:description\" content=\"Implantado a partir de outubro de 2017, o novo modelo de funcionamento tem como atividade central o \u201cPlant\u00e3o de Acolhimento\u201d. Neste, atuam mais de 40 (quarenta) acad\u00eamicos supervisionados por 10 (dez) professores-psic\u00f3logos. Com turnos de plant\u00f5es fixos, todos os dias \u00fateis da semana, e nos tr\u00eas per\u00edodos (manh\u00e3, tarde e noite), a Cl\u00ednica-Escola passou a [&hellip;]\" \/>\n<meta property=\"og:url\" content=\"https:\/\/cpar.ufms.br\/clinica-de-psicologia\/acolhimento-psicologico-comunidade-externa\/mudando-para-humanizar-acolhendo\/\" \/>\n<meta property=\"og:site_name\" content=\"CPAR - Campus de Parana\u00edba\" \/>\n<meta property=\"article:modified_time\" content=\"2018-05-24T20:18:07+00:00\" \/>\n<meta property=\"og:image\" content=\"https:\/\/cpar.ufms.br\/files\/2014\/12\/IMG_4720.jpg\" \/>\n\t<meta property=\"og:image:width\" content=\"1632\" \/>\n\t<meta property=\"og:image:height\" content=\"1224\" \/>\n\t<meta property=\"og:image:type\" content=\"image\/jpeg\" \/>\n<meta name=\"twitter:label1\" content=\"Est. reading time\" \/>\n\t<meta name=\"twitter:data1\" content=\"2 minutes\" \/>\n\t<meta name=\"twitter:label2\" content=\"Written by\" \/>\n\t<meta name=\"twitter:data2\" content=\"dirceu.matos\" \/>\n<script type=\"application\/ld+json\" class=\"yoast-schema-graph\">{\"@context\":\"https:\/\/schema.org\",\"@graph\":[{\"@type\":\"WebPage\",\"@id\":\"https:\/\/cpar.ufms.br\/clinica-de-psicologia\/acolhimento-psicologico-comunidade-externa\/mudando-para-humanizar-acolhendo\/\",\"url\":\"https:\/\/cpar.ufms.br\/clinica-de-psicologia\/acolhimento-psicologico-comunidade-externa\/mudando-para-humanizar-acolhendo\/\",\"name\":\"MUDANDO PARA HUMANIZAR: ACOLHENDO - CPAR - Campus de Parana\u00edba\",\"isPartOf\":{\"@id\":\"https:\/\/cpar.ufms.br\/#website\"},\"primaryImageOfPage\":{\"@id\":\"https:\/\/cpar.ufms.br\/clinica-de-psicologia\/acolhimento-psicologico-comunidade-externa\/mudando-para-humanizar-acolhendo\/#primaryimage\"},\"image\":{\"@id\":\"https:\/\/cpar.ufms.br\/clinica-de-psicologia\/acolhimento-psicologico-comunidade-externa\/mudando-para-humanizar-acolhendo\/#primaryimage\"},\"thumbnailUrl\":\"https:\/\/cpar.ufms.br\/files\/2014\/12\/IMG_4720.jpg\",\"datePublished\":\"2018-05-18T23:56:50+00:00\",\"dateModified\":\"2018-05-24T20:18:07+00:00\",\"breadcrumb\":{\"@id\":\"https:\/\/cpar.ufms.br\/clinica-de-psicologia\/acolhimento-psicologico-comunidade-externa\/mudando-para-humanizar-acolhendo\/#breadcrumb\"},\"inLanguage\":\"en-US\",\"potentialAction\":[{\"@type\":\"ReadAction\",\"target\":[\"https:\/\/cpar.ufms.br\/clinica-de-psicologia\/acolhimento-psicologico-comunidade-externa\/mudando-para-humanizar-acolhendo\/\"]}]},{\"@type\":\"ImageObject\",\"inLanguage\":\"en-US\",\"@id\":\"https:\/\/cpar.ufms.br\/clinica-de-psicologia\/acolhimento-psicologico-comunidade-externa\/mudando-para-humanizar-acolhendo\/#primaryimage\",\"url\":\"https:\/\/cpar.ufms.br\/files\/2014\/12\/IMG_4720.jpg\",\"contentUrl\":\"https:\/\/cpar.ufms.br\/files\/2014\/12\/IMG_4720.jpg\",\"width\":1632,\"height\":1224},{\"@type\":\"BreadcrumbList\",\"@id\":\"https:\/\/cpar.ufms.br\/clinica-de-psicologia\/acolhimento-psicologico-comunidade-externa\/mudando-para-humanizar-acolhendo\/#breadcrumb\",\"itemListElement\":[{\"@type\":\"ListItem\",\"position\":1,\"name\":\"In\u00edcio\",\"item\":\"https:\/\/cpar.ufms.br\/\"},{\"@type\":\"ListItem\",\"position\":2,\"name\":\"Cl\u00ednica-Escola de Psicologia\",\"item\":\"https:\/\/cpar.ufms.br\/clinica-de-psicologia\/\"},{\"@type\":\"ListItem\",\"position\":3,\"name\":\"Acolhimento Psicol\u00f3gico \u00e0 Comunidade Externa\",\"item\":\"https:\/\/cpar.ufms.br\/clinica-de-psicologia\/acolhimento-psicologico-comunidade-externa\/\"},{\"@type\":\"ListItem\",\"position\":4,\"name\":\"MUDANDO PARA HUMANIZAR: ACOLHENDO\"}]},{\"@type\":\"WebSite\",\"@id\":\"https:\/\/cpar.ufms.br\/#website\",\"url\":\"https:\/\/cpar.ufms.br\/\",\"name\":\"CPAR - Campus de Parana\u00edba\",\"description\":\"Universidade Federal de Mato Grosso do Sul\",\"potentialAction\":[{\"@type\":\"SearchAction\",\"target\":{\"@type\":\"EntryPoint\",\"urlTemplate\":\"https:\/\/cpar.ufms.br\/?s={search_term_string}\"},\"query-input\":{\"@type\":\"PropertyValueSpecification\",\"valueRequired\":true,\"valueName\":\"search_term_string\"}}],\"inLanguage\":\"en-US\"}]}<\/script>\n<!-- \/ Yoast SEO plugin. -->","yoast_head_json":{"title":"MUDANDO PARA HUMANIZAR: ACOLHENDO - CPAR - Campus de Parana\u00edba","robots":{"index":"index","follow":"follow","max-snippet":"max-snippet:-1","max-image-preview":"max-image-preview:large","max-video-preview":"max-video-preview:-1"},"canonical":"https:\/\/cpar.ufms.br\/clinica-de-psicologia\/acolhimento-psicologico-comunidade-externa\/mudando-para-humanizar-acolhendo\/","og_locale":"en_US","og_type":"article","og_title":"MUDANDO PARA HUMANIZAR: ACOLHENDO - CPAR - Campus de Parana\u00edba","og_description":"Implantado a partir de outubro de 2017, o novo modelo de funcionamento tem como atividade central o \u201cPlant\u00e3o de Acolhimento\u201d. Neste, atuam mais de 40 (quarenta) acad\u00eamicos supervisionados por 10 (dez) professores-psic\u00f3logos. Com turnos de plant\u00f5es fixos, todos os dias \u00fateis da semana, e nos tr\u00eas per\u00edodos (manh\u00e3, tarde e noite), a Cl\u00ednica-Escola passou a [&hellip;]","og_url":"https:\/\/cpar.ufms.br\/clinica-de-psicologia\/acolhimento-psicologico-comunidade-externa\/mudando-para-humanizar-acolhendo\/","og_site_name":"CPAR - Campus de Parana\u00edba","article_modified_time":"2018-05-24T20:18:07+00:00","og_image":[{"width":1632,"height":1224,"url":"https:\/\/cpar.ufms.br\/files\/2014\/12\/IMG_4720.jpg","type":"image\/jpeg"}],"twitter_misc":{"Est. reading time":"2 minutes","Written by":"dirceu.matos"},"schema":{"@context":"https:\/\/schema.org","@graph":[{"@type":"WebPage","@id":"https:\/\/cpar.ufms.br\/clinica-de-psicologia\/acolhimento-psicologico-comunidade-externa\/mudando-para-humanizar-acolhendo\/","url":"https:\/\/cpar.ufms.br\/clinica-de-psicologia\/acolhimento-psicologico-comunidade-externa\/mudando-para-humanizar-acolhendo\/","name":"MUDANDO PARA HUMANIZAR: ACOLHENDO - CPAR - Campus de Parana\u00edba","isPartOf":{"@id":"https:\/\/cpar.ufms.br\/#website"},"primaryImageOfPage":{"@id":"https:\/\/cpar.ufms.br\/clinica-de-psicologia\/acolhimento-psicologico-comunidade-externa\/mudando-para-humanizar-acolhendo\/#primaryimage"},"image":{"@id":"https:\/\/cpar.ufms.br\/clinica-de-psicologia\/acolhimento-psicologico-comunidade-externa\/mudando-para-humanizar-acolhendo\/#primaryimage"},"thumbnailUrl":"https:\/\/cpar.ufms.br\/files\/2014\/12\/IMG_4720.jpg","datePublished":"2018-05-18T23:56:50+00:00","dateModified":"2018-05-24T20:18:07+00:00","breadcrumb":{"@id":"https:\/\/cpar.ufms.br\/clinica-de-psicologia\/acolhimento-psicologico-comunidade-externa\/mudando-para-humanizar-acolhendo\/#breadcrumb"},"inLanguage":"en-US","potentialAction":[{"@type":"ReadAction","target":["https:\/\/cpar.ufms.br\/clinica-de-psicologia\/acolhimento-psicologico-comunidade-externa\/mudando-para-humanizar-acolhendo\/"]}]},{"@type":"ImageObject","inLanguage":"en-US","@id":"https:\/\/cpar.ufms.br\/clinica-de-psicologia\/acolhimento-psicologico-comunidade-externa\/mudando-para-humanizar-acolhendo\/#primaryimage","url":"https:\/\/cpar.ufms.br\/files\/2014\/12\/IMG_4720.jpg","contentUrl":"https:\/\/cpar.ufms.br\/files\/2014\/12\/IMG_4720.jpg","width":1632,"height":1224},{"@type":"BreadcrumbList","@id":"https:\/\/cpar.ufms.br\/clinica-de-psicologia\/acolhimento-psicologico-comunidade-externa\/mudando-para-humanizar-acolhendo\/#breadcrumb","itemListElement":[{"@type":"ListItem","position":1,"name":"In\u00edcio","item":"https:\/\/cpar.ufms.br\/"},{"@type":"ListItem","position":2,"name":"Cl\u00ednica-Escola de Psicologia","item":"https:\/\/cpar.ufms.br\/clinica-de-psicologia\/"},{"@type":"ListItem","position":3,"name":"Acolhimento Psicol\u00f3gico \u00e0 Comunidade Externa","item":"https:\/\/cpar.ufms.br\/clinica-de-psicologia\/acolhimento-psicologico-comunidade-externa\/"},{"@type":"ListItem","position":4,"name":"MUDANDO PARA HUMANIZAR: ACOLHENDO"}]},{"@type":"WebSite","@id":"https:\/\/cpar.ufms.br\/#website","url":"https:\/\/cpar.ufms.br\/","name":"CPAR - Campus de Parana\u00edba","description":"Universidade Federal de Mato Grosso do Sul","potentialAction":[{"@type":"SearchAction","target":{"@type":"EntryPoint","urlTemplate":"https:\/\/cpar.ufms.br\/?s={search_term_string}"},"query-input":{"@type":"PropertyValueSpecification","valueRequired":true,"valueName":"search_term_string"}}],"inLanguage":"en-US"}]}},"_links":{"self":[{"href":"https:\/\/cpar.ufms.br\/en\/wp-json\/wp\/v2\/pages\/7009","targetHints":{"allow":["GET"]}}],"collection":[{"href":"https:\/\/cpar.ufms.br\/en\/wp-json\/wp\/v2\/pages"}],"about":[{"href":"https:\/\/cpar.ufms.br\/en\/wp-json\/wp\/v2\/types\/page"}],"author":[{"embeddable":true,"href":"https:\/\/cpar.ufms.br\/en\/wp-json\/wp\/v2\/users\/1381"}],"replies":[{"embeddable":true,"href":"https:\/\/cpar.ufms.br\/en\/wp-json\/wp\/v2\/comments?post=7009"}],"version-history":[{"count":4,"href":"https:\/\/cpar.ufms.br\/en\/wp-json\/wp\/v2\/pages\/7009\/revisions"}],"predecessor-version":[{"id":7053,"href":"https:\/\/cpar.ufms.br\/en\/wp-json\/wp\/v2\/pages\/7009\/revisions\/7053"}],"up":[{"embeddable":true,"href":"https:\/\/cpar.ufms.br\/en\/wp-json\/wp\/v2\/pages\/6991"}],"wp:featuredmedia":[{"embeddable":true,"href":"https:\/\/cpar.ufms.br\/en\/wp-json\/wp\/v2\/media\/2478"}],"wp:attachment":[{"href":"https:\/\/cpar.ufms.br\/en\/wp-json\/wp\/v2\/media?parent=7009"}],"wp:term":[{"taxonomy":"author","embeddable":true,"href":"https:\/\/cpar.ufms.br\/en\/wp-json\/wp\/v2\/coauthors?post=7009"}],"curies":[{"name":"wp","href":"https:\/\/api.w.org\/{rel}","templated":true}]}}