{"id":7012,"date":"2018-05-18T19:58:09","date_gmt":"2018-05-18T23:58:09","guid":{"rendered":"https:\/\/cpar.ufms.br\/?page_id=7012"},"modified":"2018-05-18T19:58:51","modified_gmt":"2018-05-18T23:58:51","slug":"como-acontece-o-acolhimento","status":"publish","type":"page","link":"https:\/\/cpar.ufms.br\/en\/clinica-de-psicologia\/acolhimento-psicologico-comunidade-externa\/como-acontece-o-acolhimento\/","title":{"rendered":"COMO ACONTECE O ACOLHIMENTO"},"content":{"rendered":"<p style=\"text-align: justify\">O ACOLHIMENTO em Psicologia, assim, constitui uma estrat\u00e9gia de oferecer escuta e apoio para quaisquer situa\u00e7\u00f5es em que haja um sofrimento humano e uma busca por mudan\u00e7as. A partir de um di\u00e1logo reflexivo, com perguntas e orienta\u00e7\u00f5es, os estagi\u00e1rios ir\u00e3o auxiliar a pessoa a compreender melhor os seus problemas, ao desenvolver mais consci\u00eancia sobre si e sobre a realidade, o que \u00e9 necess\u00e1rio para incrementar uma maior autonomia e buscar os meios e os recursos necess\u00e1rios para tomar suas decis\u00f5es, lidar com as suas queixas e os seus desafios da vida cotidiana. Por meio dos acolhimentos, os estagi\u00e1rios de Psicologia avaliam conjuntamente a pessoa e\/ou familiares, qual a natureza da situa\u00e7\u00e3o-problema vivenciada, \u201cpensam juntos\u201d sobre o que se passa, orientam, ofertam conhecimento, informam sobre os DIREITOS HUMANOS e SOCIAIS, auxiliam na tomada de decis\u00f5es e na procura de recursos. Avaliam, tamb\u00e9m, se \u00e9 o caso de outras modalidades de atendimento mais indicadas, seja na \u00e1rea de Psicologia e\/ou em outras \u00e1reas. O ACOLHIMENTO acontece como um processo, em que a pessoa tem direito de dois a quatro encontros (retornos, ap\u00f3s o primeiro). \u00c0s vezes, \u00e9 solicitada a presen\u00e7a de outros familiares ou pessoas do c\u00edrculo de conviv\u00eancia. Portanto, amplia-se o ACOLHIMENTO aos esposos\/esposas, filhos, pais, entre outros, pois \u00e9 muito importante, uma vez que no geral as situa\u00e7\u00f5es-problemas vivenciadas envolvem n\u00e3o somente quem procura apoio psicol\u00f3gico, mas tamb\u00e9m os respectivos familiares. No caso de busca por avalia\u00e7\u00e3o psicol\u00f3gica para crian\u00e7as e para adolescentes, o ACOLHIMENTO se inicia com os adultos respons\u00e1veis, em geral, e pode incluir contatos e visitas \u00e0s resid\u00eancias e\/ou \u00e0s escolas. Ap\u00f3s conclu\u00eddo o processo de ACOLHIMENTO, pode ser identificada a necessidade de atendimento psicoter\u00e1pico e, nesse caso, a pessoa ter\u00e1 que aguardar, conforme a capacidade de atendimento da Cl\u00ednica-Escola, ou poder\u00e1 ser auxiliada a buscar esse, ou outros tipos de atendimentos, na Rede Municipal. Os professores e os alunos se esfor\u00e7am muito para dar celeridade na oferta de atendimentos daqueles que aguardam o chamado, mas de fato, por falta de acesso ao atendimento psicol\u00f3gico na rede p\u00fablica local, a Cl\u00ednica-Escola tem sido muito procurada, o que resulta em espera por atendimento, \u00e0s vezes por mais do que n\u00f3s gostar\u00edamos que fosse.<\/p>\n","protected":false},"excerpt":{"rendered":"<p>O ACOLHIMENTO em Psicologia, assim, constitui uma estrat\u00e9gia de oferecer escuta e apoio para quaisquer situa\u00e7\u00f5es em que haja um sofrimento humano e uma busca por mudan\u00e7as. A partir de um di\u00e1logo reflexivo, com perguntas e orienta\u00e7\u00f5es, os estagi\u00e1rios ir\u00e3o auxiliar a pessoa a compreender melhor os seus problemas, ao desenvolver mais consci\u00eancia sobre si [&hellip;]<\/p>\n","protected":false},"author":1381,"featured_media":2478,"parent":6991,"menu_order":0,"comment_status":"closed","ping_status":"closed","template":"page-templates\/page-subcoordenadoria.php","meta":{"footnotes":""},"coauthors":[],"class_list":["post-7012","page","type-page","status-publish","has-post-thumbnail","hentry"],"yoast_head":"<!-- This site is optimized with the Yoast SEO plugin v26.2 - https:\/\/yoast.com\/wordpress\/plugins\/seo\/ -->\n<title>COMO ACONTECE O ACOLHIMENTO - CPAR - Campus de Parana\u00edba<\/title>\n<meta name=\"robots\" content=\"index, follow, max-snippet:-1, max-image-preview:large, max-video-preview:-1\" \/>\n<link rel=\"canonical\" href=\"https:\/\/cpar.ufms.br\/clinica-de-psicologia\/acolhimento-psicologico-comunidade-externa\/como-acontece-o-acolhimento\/\" \/>\n<meta property=\"og:locale\" content=\"en_US\" \/>\n<meta property=\"og:type\" content=\"article\" \/>\n<meta property=\"og:title\" content=\"COMO ACONTECE O ACOLHIMENTO - CPAR - Campus de Parana\u00edba\" \/>\n<meta property=\"og:description\" content=\"O ACOLHIMENTO em Psicologia, assim, constitui uma estrat\u00e9gia de oferecer escuta e apoio para quaisquer situa\u00e7\u00f5es em que haja um sofrimento humano e uma busca por mudan\u00e7as. A partir de um di\u00e1logo reflexivo, com perguntas e orienta\u00e7\u00f5es, os estagi\u00e1rios ir\u00e3o auxiliar a pessoa a compreender melhor os seus problemas, ao desenvolver mais consci\u00eancia sobre si [&hellip;]\" \/>\n<meta property=\"og:url\" content=\"https:\/\/cpar.ufms.br\/clinica-de-psicologia\/acolhimento-psicologico-comunidade-externa\/como-acontece-o-acolhimento\/\" \/>\n<meta property=\"og:site_name\" content=\"CPAR - Campus de Parana\u00edba\" \/>\n<meta property=\"article:modified_time\" content=\"2018-05-18T23:58:51+00:00\" \/>\n<meta property=\"og:image\" content=\"https:\/\/cpar.ufms.br\/files\/2014\/12\/IMG_4720.jpg\" \/>\n\t<meta property=\"og:image:width\" content=\"1632\" \/>\n\t<meta property=\"og:image:height\" content=\"1224\" \/>\n\t<meta property=\"og:image:type\" content=\"image\/jpeg\" \/>\n<meta name=\"twitter:label1\" content=\"Est. reading time\" \/>\n\t<meta name=\"twitter:data1\" content=\"2 minutes\" \/>\n\t<meta name=\"twitter:label2\" content=\"Written by\" \/>\n\t<meta name=\"twitter:data2\" content=\"dirceu.matos\" \/>\n<script type=\"application\/ld+json\" class=\"yoast-schema-graph\">{\"@context\":\"https:\/\/schema.org\",\"@graph\":[{\"@type\":\"WebPage\",\"@id\":\"https:\/\/cpar.ufms.br\/clinica-de-psicologia\/acolhimento-psicologico-comunidade-externa\/como-acontece-o-acolhimento\/\",\"url\":\"https:\/\/cpar.ufms.br\/clinica-de-psicologia\/acolhimento-psicologico-comunidade-externa\/como-acontece-o-acolhimento\/\",\"name\":\"COMO ACONTECE O ACOLHIMENTO - CPAR - Campus de Parana\u00edba\",\"isPartOf\":{\"@id\":\"https:\/\/cpar.ufms.br\/#website\"},\"primaryImageOfPage\":{\"@id\":\"https:\/\/cpar.ufms.br\/clinica-de-psicologia\/acolhimento-psicologico-comunidade-externa\/como-acontece-o-acolhimento\/#primaryimage\"},\"image\":{\"@id\":\"https:\/\/cpar.ufms.br\/clinica-de-psicologia\/acolhimento-psicologico-comunidade-externa\/como-acontece-o-acolhimento\/#primaryimage\"},\"thumbnailUrl\":\"https:\/\/cpar.ufms.br\/files\/2014\/12\/IMG_4720.jpg\",\"datePublished\":\"2018-05-18T23:58:09+00:00\",\"dateModified\":\"2018-05-18T23:58:51+00:00\",\"breadcrumb\":{\"@id\":\"https:\/\/cpar.ufms.br\/clinica-de-psicologia\/acolhimento-psicologico-comunidade-externa\/como-acontece-o-acolhimento\/#breadcrumb\"},\"inLanguage\":\"en-US\",\"potentialAction\":[{\"@type\":\"ReadAction\",\"target\":[\"https:\/\/cpar.ufms.br\/clinica-de-psicologia\/acolhimento-psicologico-comunidade-externa\/como-acontece-o-acolhimento\/\"]}]},{\"@type\":\"ImageObject\",\"inLanguage\":\"en-US\",\"@id\":\"https:\/\/cpar.ufms.br\/clinica-de-psicologia\/acolhimento-psicologico-comunidade-externa\/como-acontece-o-acolhimento\/#primaryimage\",\"url\":\"https:\/\/cpar.ufms.br\/files\/2014\/12\/IMG_4720.jpg\",\"contentUrl\":\"https:\/\/cpar.ufms.br\/files\/2014\/12\/IMG_4720.jpg\",\"width\":1632,\"height\":1224},{\"@type\":\"BreadcrumbList\",\"@id\":\"https:\/\/cpar.ufms.br\/clinica-de-psicologia\/acolhimento-psicologico-comunidade-externa\/como-acontece-o-acolhimento\/#breadcrumb\",\"itemListElement\":[{\"@type\":\"ListItem\",\"position\":1,\"name\":\"In\u00edcio\",\"item\":\"https:\/\/cpar.ufms.br\/\"},{\"@type\":\"ListItem\",\"position\":2,\"name\":\"Cl\u00ednica-Escola de Psicologia\",\"item\":\"https:\/\/cpar.ufms.br\/clinica-de-psicologia\/\"},{\"@type\":\"ListItem\",\"position\":3,\"name\":\"Acolhimento Psicol\u00f3gico \u00e0 Comunidade Externa\",\"item\":\"https:\/\/cpar.ufms.br\/clinica-de-psicologia\/acolhimento-psicologico-comunidade-externa\/\"},{\"@type\":\"ListItem\",\"position\":4,\"name\":\"COMO ACONTECE O ACOLHIMENTO\"}]},{\"@type\":\"WebSite\",\"@id\":\"https:\/\/cpar.ufms.br\/#website\",\"url\":\"https:\/\/cpar.ufms.br\/\",\"name\":\"CPAR - Campus de Parana\u00edba\",\"description\":\"Universidade Federal de Mato Grosso do Sul\",\"potentialAction\":[{\"@type\":\"SearchAction\",\"target\":{\"@type\":\"EntryPoint\",\"urlTemplate\":\"https:\/\/cpar.ufms.br\/?s={search_term_string}\"},\"query-input\":{\"@type\":\"PropertyValueSpecification\",\"valueRequired\":true,\"valueName\":\"search_term_string\"}}],\"inLanguage\":\"en-US\"}]}<\/script>\n<!-- \/ Yoast SEO plugin. -->","yoast_head_json":{"title":"COMO ACONTECE O ACOLHIMENTO - CPAR - Campus de Parana\u00edba","robots":{"index":"index","follow":"follow","max-snippet":"max-snippet:-1","max-image-preview":"max-image-preview:large","max-video-preview":"max-video-preview:-1"},"canonical":"https:\/\/cpar.ufms.br\/clinica-de-psicologia\/acolhimento-psicologico-comunidade-externa\/como-acontece-o-acolhimento\/","og_locale":"en_US","og_type":"article","og_title":"COMO ACONTECE O ACOLHIMENTO - CPAR - Campus de Parana\u00edba","og_description":"O ACOLHIMENTO em Psicologia, assim, constitui uma estrat\u00e9gia de oferecer escuta e apoio para quaisquer situa\u00e7\u00f5es em que haja um sofrimento humano e uma busca por mudan\u00e7as. A partir de um di\u00e1logo reflexivo, com perguntas e orienta\u00e7\u00f5es, os estagi\u00e1rios ir\u00e3o auxiliar a pessoa a compreender melhor os seus problemas, ao desenvolver mais consci\u00eancia sobre si [&hellip;]","og_url":"https:\/\/cpar.ufms.br\/clinica-de-psicologia\/acolhimento-psicologico-comunidade-externa\/como-acontece-o-acolhimento\/","og_site_name":"CPAR - Campus de Parana\u00edba","article_modified_time":"2018-05-18T23:58:51+00:00","og_image":[{"width":1632,"height":1224,"url":"https:\/\/cpar.ufms.br\/files\/2014\/12\/IMG_4720.jpg","type":"image\/jpeg"}],"twitter_misc":{"Est. reading time":"2 minutes","Written by":"dirceu.matos"},"schema":{"@context":"https:\/\/schema.org","@graph":[{"@type":"WebPage","@id":"https:\/\/cpar.ufms.br\/clinica-de-psicologia\/acolhimento-psicologico-comunidade-externa\/como-acontece-o-acolhimento\/","url":"https:\/\/cpar.ufms.br\/clinica-de-psicologia\/acolhimento-psicologico-comunidade-externa\/como-acontece-o-acolhimento\/","name":"COMO ACONTECE O ACOLHIMENTO - CPAR - Campus de Parana\u00edba","isPartOf":{"@id":"https:\/\/cpar.ufms.br\/#website"},"primaryImageOfPage":{"@id":"https:\/\/cpar.ufms.br\/clinica-de-psicologia\/acolhimento-psicologico-comunidade-externa\/como-acontece-o-acolhimento\/#primaryimage"},"image":{"@id":"https:\/\/cpar.ufms.br\/clinica-de-psicologia\/acolhimento-psicologico-comunidade-externa\/como-acontece-o-acolhimento\/#primaryimage"},"thumbnailUrl":"https:\/\/cpar.ufms.br\/files\/2014\/12\/IMG_4720.jpg","datePublished":"2018-05-18T23:58:09+00:00","dateModified":"2018-05-18T23:58:51+00:00","breadcrumb":{"@id":"https:\/\/cpar.ufms.br\/clinica-de-psicologia\/acolhimento-psicologico-comunidade-externa\/como-acontece-o-acolhimento\/#breadcrumb"},"inLanguage":"en-US","potentialAction":[{"@type":"ReadAction","target":["https:\/\/cpar.ufms.br\/clinica-de-psicologia\/acolhimento-psicologico-comunidade-externa\/como-acontece-o-acolhimento\/"]}]},{"@type":"ImageObject","inLanguage":"en-US","@id":"https:\/\/cpar.ufms.br\/clinica-de-psicologia\/acolhimento-psicologico-comunidade-externa\/como-acontece-o-acolhimento\/#primaryimage","url":"https:\/\/cpar.ufms.br\/files\/2014\/12\/IMG_4720.jpg","contentUrl":"https:\/\/cpar.ufms.br\/files\/2014\/12\/IMG_4720.jpg","width":1632,"height":1224},{"@type":"BreadcrumbList","@id":"https:\/\/cpar.ufms.br\/clinica-de-psicologia\/acolhimento-psicologico-comunidade-externa\/como-acontece-o-acolhimento\/#breadcrumb","itemListElement":[{"@type":"ListItem","position":1,"name":"In\u00edcio","item":"https:\/\/cpar.ufms.br\/"},{"@type":"ListItem","position":2,"name":"Cl\u00ednica-Escola de Psicologia","item":"https:\/\/cpar.ufms.br\/clinica-de-psicologia\/"},{"@type":"ListItem","position":3,"name":"Acolhimento Psicol\u00f3gico \u00e0 Comunidade Externa","item":"https:\/\/cpar.ufms.br\/clinica-de-psicologia\/acolhimento-psicologico-comunidade-externa\/"},{"@type":"ListItem","position":4,"name":"COMO ACONTECE O ACOLHIMENTO"}]},{"@type":"WebSite","@id":"https:\/\/cpar.ufms.br\/#website","url":"https:\/\/cpar.ufms.br\/","name":"CPAR - Campus de Parana\u00edba","description":"Universidade Federal de Mato Grosso do Sul","potentialAction":[{"@type":"SearchAction","target":{"@type":"EntryPoint","urlTemplate":"https:\/\/cpar.ufms.br\/?s={search_term_string}"},"query-input":{"@type":"PropertyValueSpecification","valueRequired":true,"valueName":"search_term_string"}}],"inLanguage":"en-US"}]}},"_links":{"self":[{"href":"https:\/\/cpar.ufms.br\/en\/wp-json\/wp\/v2\/pages\/7012","targetHints":{"allow":["GET"]}}],"collection":[{"href":"https:\/\/cpar.ufms.br\/en\/wp-json\/wp\/v2\/pages"}],"about":[{"href":"https:\/\/cpar.ufms.br\/en\/wp-json\/wp\/v2\/types\/page"}],"author":[{"embeddable":true,"href":"https:\/\/cpar.ufms.br\/en\/wp-json\/wp\/v2\/users\/1381"}],"replies":[{"embeddable":true,"href":"https:\/\/cpar.ufms.br\/en\/wp-json\/wp\/v2\/comments?post=7012"}],"version-history":[{"count":1,"href":"https:\/\/cpar.ufms.br\/en\/wp-json\/wp\/v2\/pages\/7012\/revisions"}],"predecessor-version":[{"id":7013,"href":"https:\/\/cpar.ufms.br\/en\/wp-json\/wp\/v2\/pages\/7012\/revisions\/7013"}],"up":[{"embeddable":true,"href":"https:\/\/cpar.ufms.br\/en\/wp-json\/wp\/v2\/pages\/6991"}],"wp:featuredmedia":[{"embeddable":true,"href":"https:\/\/cpar.ufms.br\/en\/wp-json\/wp\/v2\/media\/2478"}],"wp:attachment":[{"href":"https:\/\/cpar.ufms.br\/en\/wp-json\/wp\/v2\/media?parent=7012"}],"wp:term":[{"taxonomy":"author","embeddable":true,"href":"https:\/\/cpar.ufms.br\/en\/wp-json\/wp\/v2\/coauthors?post=7012"}],"curies":[{"name":"wp","href":"https:\/\/api.w.org\/{rel}","templated":true}]}}