{"id":7014,"date":"2018-05-18T20:00:23","date_gmt":"2018-05-19T00:00:23","guid":{"rendered":"https:\/\/cpar.ufms.br\/?page_id=7014"},"modified":"2018-05-18T20:00:23","modified_gmt":"2018-05-19T00:00:23","slug":"quando-o-acolhimento-pode-ajudar-situacoes-problemas-da-vida","status":"publish","type":"page","link":"https:\/\/cpar.ufms.br\/en\/clinica-de-psicologia\/acolhimento-psicologico-comunidade-externa\/quando-o-acolhimento-pode-ajudar-situacoes-problemas-da-vida\/","title":{"rendered":"QUANDO O ACOLHIMENTO PODE AJUDAR: SITUA\u00c7\u00d5ES-PROBLEMAS DA VIDA"},"content":{"rendered":"<p>A procura pelo \u201cPlant\u00e3o de Acolhimento\u201d, devido aos sofrimentos intensos, pode lhe ajudar nas situa\u00e7\u00f5es abaixo:<\/p>\n<ul>\n<li>Conflitos familiares, ou afetivo-conjugais;<\/li>\n<li>\u00a0Crises decorrentes de lutos\/perdas, adoecimentos e\/ou fatos traum\u00e1ticos;<\/li>\n<li>\u00a0Separa\u00e7\u00f5es, rompimentos afetivos ou desacordos quando isto n\u00e3o \u00e9 consensual entre ambos;<\/li>\n<li>\u00a0Sensa\u00e7\u00f5es de tristeza, falta de vontade de viver, ang\u00fastia, choros mais frequentes, ansiedade, entre outras sensa\u00e7\u00f5es sem que a pessoa compreenda com clareza o que ocorre ou j\u00e1 ocorreu para que se sinta assim;<\/li>\n<li>\u00a0Situa\u00e7\u00f5es de viola\u00e7\u00f5es de direitos, preconceito, exclus\u00e3o, discrimina\u00e7\u00e3o e busca de ajuda para sa\u00edda de situa\u00e7\u00f5es de agress\u00e3o e viol\u00eancia;<\/li>\n<li>\u00a0Problemas no ambiente de trabalho ou para se relacionar socialmente;<\/li>\n<li>\u00a0Mulheres e Homens com dificuldades ap\u00f3s separa\u00e7\u00e3o envolvendo responsabilidades com os filhos;<\/li>\n<li>\u00a0Dificuldades na educa\u00e7\u00e3o dos filhos ou na rela\u00e7\u00e3o crian\u00e7a\/adolescente-escolafam\u00edlia, quando, em geral, a escola pede que a crian\u00e7a passe por avalia\u00e7\u00e3o psicol\u00f3gica;<\/li>\n<li>\u00a0Adolescentes com dificuldades comuns na transi\u00e7\u00e3o para vida adulta;<\/li>\n<li>\u00a0Outros.<\/li>\n<\/ul>\n","protected":false},"excerpt":{"rendered":"<p>A procura pelo \u201cPlant\u00e3o de Acolhimento\u201d, devido aos sofrimentos intensos, pode lhe ajudar nas situa\u00e7\u00f5es abaixo: Conflitos familiares, ou afetivo-conjugais; \u00a0Crises decorrentes de lutos\/perdas, adoecimentos e\/ou fatos traum\u00e1ticos; \u00a0Separa\u00e7\u00f5es, rompimentos afetivos ou desacordos quando isto n\u00e3o \u00e9 consensual entre ambos; \u00a0Sensa\u00e7\u00f5es de tristeza, falta de vontade de viver, ang\u00fastia, choros mais frequentes, ansiedade, entre outras [&hellip;]<\/p>\n","protected":false},"author":1381,"featured_media":2478,"parent":6991,"menu_order":0,"comment_status":"closed","ping_status":"closed","template":"page-templates\/page-subcoordenadoria.php","meta":{"footnotes":""},"coauthors":[],"class_list":["post-7014","page","type-page","status-publish","has-post-thumbnail","hentry"],"yoast_head":"<!-- This site is optimized with the Yoast SEO plugin v26.2 - https:\/\/yoast.com\/wordpress\/plugins\/seo\/ -->\n<title>QUANDO O ACOLHIMENTO PODE AJUDAR: SITUA\u00c7\u00d5ES-PROBLEMAS DA VIDA - CPAR - Campus de Parana\u00edba<\/title>\n<meta name=\"robots\" content=\"index, follow, max-snippet:-1, max-image-preview:large, max-video-preview:-1\" \/>\n<link rel=\"canonical\" href=\"https:\/\/cpar.ufms.br\/clinica-de-psicologia\/acolhimento-psicologico-comunidade-externa\/quando-o-acolhimento-pode-ajudar-situacoes-problemas-da-vida\/\" \/>\n<meta property=\"og:locale\" content=\"en_US\" \/>\n<meta property=\"og:type\" content=\"article\" \/>\n<meta property=\"og:title\" content=\"QUANDO O ACOLHIMENTO PODE AJUDAR: SITUA\u00c7\u00d5ES-PROBLEMAS DA VIDA - CPAR - Campus de Parana\u00edba\" \/>\n<meta property=\"og:description\" content=\"A procura pelo \u201cPlant\u00e3o de Acolhimento\u201d, devido aos sofrimentos intensos, pode lhe ajudar nas situa\u00e7\u00f5es abaixo: Conflitos familiares, ou afetivo-conjugais; \u00a0Crises decorrentes de lutos\/perdas, adoecimentos e\/ou fatos traum\u00e1ticos; \u00a0Separa\u00e7\u00f5es, rompimentos afetivos ou desacordos quando isto n\u00e3o \u00e9 consensual entre ambos; \u00a0Sensa\u00e7\u00f5es de tristeza, falta de vontade de viver, ang\u00fastia, choros mais frequentes, ansiedade, entre outras [&hellip;]\" \/>\n<meta property=\"og:url\" content=\"https:\/\/cpar.ufms.br\/clinica-de-psicologia\/acolhimento-psicologico-comunidade-externa\/quando-o-acolhimento-pode-ajudar-situacoes-problemas-da-vida\/\" \/>\n<meta property=\"og:site_name\" content=\"CPAR - Campus de Parana\u00edba\" \/>\n<meta property=\"og:image\" content=\"https:\/\/cpar.ufms.br\/files\/2014\/12\/IMG_4720.jpg\" \/>\n\t<meta property=\"og:image:width\" content=\"1632\" \/>\n\t<meta property=\"og:image:height\" content=\"1224\" \/>\n\t<meta property=\"og:image:type\" content=\"image\/jpeg\" \/>\n<meta name=\"twitter:label1\" content=\"Est. reading time\" \/>\n\t<meta name=\"twitter:data1\" content=\"1 minute\" \/>\n\t<meta name=\"twitter:label2\" content=\"Written by\" \/>\n\t<meta name=\"twitter:data2\" content=\"dirceu.matos\" \/>\n<script type=\"application\/ld+json\" class=\"yoast-schema-graph\">{\"@context\":\"https:\/\/schema.org\",\"@graph\":[{\"@type\":\"WebPage\",\"@id\":\"https:\/\/cpar.ufms.br\/clinica-de-psicologia\/acolhimento-psicologico-comunidade-externa\/quando-o-acolhimento-pode-ajudar-situacoes-problemas-da-vida\/\",\"url\":\"https:\/\/cpar.ufms.br\/clinica-de-psicologia\/acolhimento-psicologico-comunidade-externa\/quando-o-acolhimento-pode-ajudar-situacoes-problemas-da-vida\/\",\"name\":\"QUANDO O ACOLHIMENTO PODE AJUDAR: SITUA\u00c7\u00d5ES-PROBLEMAS DA VIDA - CPAR - Campus de Parana\u00edba\",\"isPartOf\":{\"@id\":\"https:\/\/cpar.ufms.br\/#website\"},\"primaryImageOfPage\":{\"@id\":\"https:\/\/cpar.ufms.br\/clinica-de-psicologia\/acolhimento-psicologico-comunidade-externa\/quando-o-acolhimento-pode-ajudar-situacoes-problemas-da-vida\/#primaryimage\"},\"image\":{\"@id\":\"https:\/\/cpar.ufms.br\/clinica-de-psicologia\/acolhimento-psicologico-comunidade-externa\/quando-o-acolhimento-pode-ajudar-situacoes-problemas-da-vida\/#primaryimage\"},\"thumbnailUrl\":\"https:\/\/cpar.ufms.br\/files\/2014\/12\/IMG_4720.jpg\",\"datePublished\":\"2018-05-19T00:00:23+00:00\",\"breadcrumb\":{\"@id\":\"https:\/\/cpar.ufms.br\/clinica-de-psicologia\/acolhimento-psicologico-comunidade-externa\/quando-o-acolhimento-pode-ajudar-situacoes-problemas-da-vida\/#breadcrumb\"},\"inLanguage\":\"en-US\",\"potentialAction\":[{\"@type\":\"ReadAction\",\"target\":[\"https:\/\/cpar.ufms.br\/clinica-de-psicologia\/acolhimento-psicologico-comunidade-externa\/quando-o-acolhimento-pode-ajudar-situacoes-problemas-da-vida\/\"]}]},{\"@type\":\"ImageObject\",\"inLanguage\":\"en-US\",\"@id\":\"https:\/\/cpar.ufms.br\/clinica-de-psicologia\/acolhimento-psicologico-comunidade-externa\/quando-o-acolhimento-pode-ajudar-situacoes-problemas-da-vida\/#primaryimage\",\"url\":\"https:\/\/cpar.ufms.br\/files\/2014\/12\/IMG_4720.jpg\",\"contentUrl\":\"https:\/\/cpar.ufms.br\/files\/2014\/12\/IMG_4720.jpg\",\"width\":1632,\"height\":1224},{\"@type\":\"BreadcrumbList\",\"@id\":\"https:\/\/cpar.ufms.br\/clinica-de-psicologia\/acolhimento-psicologico-comunidade-externa\/quando-o-acolhimento-pode-ajudar-situacoes-problemas-da-vida\/#breadcrumb\",\"itemListElement\":[{\"@type\":\"ListItem\",\"position\":1,\"name\":\"In\u00edcio\",\"item\":\"https:\/\/cpar.ufms.br\/\"},{\"@type\":\"ListItem\",\"position\":2,\"name\":\"Cl\u00ednica-Escola de Psicologia\",\"item\":\"https:\/\/cpar.ufms.br\/clinica-de-psicologia\/\"},{\"@type\":\"ListItem\",\"position\":3,\"name\":\"Acolhimento Psicol\u00f3gico \u00e0 Comunidade Externa\",\"item\":\"https:\/\/cpar.ufms.br\/clinica-de-psicologia\/acolhimento-psicologico-comunidade-externa\/\"},{\"@type\":\"ListItem\",\"position\":4,\"name\":\"QUANDO O ACOLHIMENTO PODE AJUDAR: SITUA\u00c7\u00d5ES-PROBLEMAS DA VIDA\"}]},{\"@type\":\"WebSite\",\"@id\":\"https:\/\/cpar.ufms.br\/#website\",\"url\":\"https:\/\/cpar.ufms.br\/\",\"name\":\"CPAR - Campus de Parana\u00edba\",\"description\":\"Universidade Federal de Mato Grosso do Sul\",\"potentialAction\":[{\"@type\":\"SearchAction\",\"target\":{\"@type\":\"EntryPoint\",\"urlTemplate\":\"https:\/\/cpar.ufms.br\/?s={search_term_string}\"},\"query-input\":{\"@type\":\"PropertyValueSpecification\",\"valueRequired\":true,\"valueName\":\"search_term_string\"}}],\"inLanguage\":\"en-US\"}]}<\/script>\n<!-- \/ Yoast SEO plugin. -->","yoast_head_json":{"title":"QUANDO O ACOLHIMENTO PODE AJUDAR: SITUA\u00c7\u00d5ES-PROBLEMAS DA VIDA - CPAR - Campus de Parana\u00edba","robots":{"index":"index","follow":"follow","max-snippet":"max-snippet:-1","max-image-preview":"max-image-preview:large","max-video-preview":"max-video-preview:-1"},"canonical":"https:\/\/cpar.ufms.br\/clinica-de-psicologia\/acolhimento-psicologico-comunidade-externa\/quando-o-acolhimento-pode-ajudar-situacoes-problemas-da-vida\/","og_locale":"en_US","og_type":"article","og_title":"QUANDO O ACOLHIMENTO PODE AJUDAR: SITUA\u00c7\u00d5ES-PROBLEMAS DA VIDA - CPAR - Campus de Parana\u00edba","og_description":"A procura pelo \u201cPlant\u00e3o de Acolhimento\u201d, devido aos sofrimentos intensos, pode lhe ajudar nas situa\u00e7\u00f5es abaixo: Conflitos familiares, ou afetivo-conjugais; \u00a0Crises decorrentes de lutos\/perdas, adoecimentos e\/ou fatos traum\u00e1ticos; \u00a0Separa\u00e7\u00f5es, rompimentos afetivos ou desacordos quando isto n\u00e3o \u00e9 consensual entre ambos; \u00a0Sensa\u00e7\u00f5es de tristeza, falta de vontade de viver, ang\u00fastia, choros mais frequentes, ansiedade, entre outras [&hellip;]","og_url":"https:\/\/cpar.ufms.br\/clinica-de-psicologia\/acolhimento-psicologico-comunidade-externa\/quando-o-acolhimento-pode-ajudar-situacoes-problemas-da-vida\/","og_site_name":"CPAR - Campus de Parana\u00edba","og_image":[{"width":1632,"height":1224,"url":"https:\/\/cpar.ufms.br\/files\/2014\/12\/IMG_4720.jpg","type":"image\/jpeg"}],"twitter_misc":{"Est. reading time":"1 minute","Written by":"dirceu.matos"},"schema":{"@context":"https:\/\/schema.org","@graph":[{"@type":"WebPage","@id":"https:\/\/cpar.ufms.br\/clinica-de-psicologia\/acolhimento-psicologico-comunidade-externa\/quando-o-acolhimento-pode-ajudar-situacoes-problemas-da-vida\/","url":"https:\/\/cpar.ufms.br\/clinica-de-psicologia\/acolhimento-psicologico-comunidade-externa\/quando-o-acolhimento-pode-ajudar-situacoes-problemas-da-vida\/","name":"QUANDO O ACOLHIMENTO PODE AJUDAR: SITUA\u00c7\u00d5ES-PROBLEMAS DA VIDA - CPAR - Campus de Parana\u00edba","isPartOf":{"@id":"https:\/\/cpar.ufms.br\/#website"},"primaryImageOfPage":{"@id":"https:\/\/cpar.ufms.br\/clinica-de-psicologia\/acolhimento-psicologico-comunidade-externa\/quando-o-acolhimento-pode-ajudar-situacoes-problemas-da-vida\/#primaryimage"},"image":{"@id":"https:\/\/cpar.ufms.br\/clinica-de-psicologia\/acolhimento-psicologico-comunidade-externa\/quando-o-acolhimento-pode-ajudar-situacoes-problemas-da-vida\/#primaryimage"},"thumbnailUrl":"https:\/\/cpar.ufms.br\/files\/2014\/12\/IMG_4720.jpg","datePublished":"2018-05-19T00:00:23+00:00","breadcrumb":{"@id":"https:\/\/cpar.ufms.br\/clinica-de-psicologia\/acolhimento-psicologico-comunidade-externa\/quando-o-acolhimento-pode-ajudar-situacoes-problemas-da-vida\/#breadcrumb"},"inLanguage":"en-US","potentialAction":[{"@type":"ReadAction","target":["https:\/\/cpar.ufms.br\/clinica-de-psicologia\/acolhimento-psicologico-comunidade-externa\/quando-o-acolhimento-pode-ajudar-situacoes-problemas-da-vida\/"]}]},{"@type":"ImageObject","inLanguage":"en-US","@id":"https:\/\/cpar.ufms.br\/clinica-de-psicologia\/acolhimento-psicologico-comunidade-externa\/quando-o-acolhimento-pode-ajudar-situacoes-problemas-da-vida\/#primaryimage","url":"https:\/\/cpar.ufms.br\/files\/2014\/12\/IMG_4720.jpg","contentUrl":"https:\/\/cpar.ufms.br\/files\/2014\/12\/IMG_4720.jpg","width":1632,"height":1224},{"@type":"BreadcrumbList","@id":"https:\/\/cpar.ufms.br\/clinica-de-psicologia\/acolhimento-psicologico-comunidade-externa\/quando-o-acolhimento-pode-ajudar-situacoes-problemas-da-vida\/#breadcrumb","itemListElement":[{"@type":"ListItem","position":1,"name":"In\u00edcio","item":"https:\/\/cpar.ufms.br\/"},{"@type":"ListItem","position":2,"name":"Cl\u00ednica-Escola de Psicologia","item":"https:\/\/cpar.ufms.br\/clinica-de-psicologia\/"},{"@type":"ListItem","position":3,"name":"Acolhimento Psicol\u00f3gico \u00e0 Comunidade Externa","item":"https:\/\/cpar.ufms.br\/clinica-de-psicologia\/acolhimento-psicologico-comunidade-externa\/"},{"@type":"ListItem","position":4,"name":"QUANDO O ACOLHIMENTO PODE AJUDAR: SITUA\u00c7\u00d5ES-PROBLEMAS DA VIDA"}]},{"@type":"WebSite","@id":"https:\/\/cpar.ufms.br\/#website","url":"https:\/\/cpar.ufms.br\/","name":"CPAR - Campus de Parana\u00edba","description":"Universidade Federal de Mato Grosso do Sul","potentialAction":[{"@type":"SearchAction","target":{"@type":"EntryPoint","urlTemplate":"https:\/\/cpar.ufms.br\/?s={search_term_string}"},"query-input":{"@type":"PropertyValueSpecification","valueRequired":true,"valueName":"search_term_string"}}],"inLanguage":"en-US"}]}},"_links":{"self":[{"href":"https:\/\/cpar.ufms.br\/en\/wp-json\/wp\/v2\/pages\/7014","targetHints":{"allow":["GET"]}}],"collection":[{"href":"https:\/\/cpar.ufms.br\/en\/wp-json\/wp\/v2\/pages"}],"about":[{"href":"https:\/\/cpar.ufms.br\/en\/wp-json\/wp\/v2\/types\/page"}],"author":[{"embeddable":true,"href":"https:\/\/cpar.ufms.br\/en\/wp-json\/wp\/v2\/users\/1381"}],"replies":[{"embeddable":true,"href":"https:\/\/cpar.ufms.br\/en\/wp-json\/wp\/v2\/comments?post=7014"}],"version-history":[{"count":1,"href":"https:\/\/cpar.ufms.br\/en\/wp-json\/wp\/v2\/pages\/7014\/revisions"}],"predecessor-version":[{"id":7015,"href":"https:\/\/cpar.ufms.br\/en\/wp-json\/wp\/v2\/pages\/7014\/revisions\/7015"}],"up":[{"embeddable":true,"href":"https:\/\/cpar.ufms.br\/en\/wp-json\/wp\/v2\/pages\/6991"}],"wp:featuredmedia":[{"embeddable":true,"href":"https:\/\/cpar.ufms.br\/en\/wp-json\/wp\/v2\/media\/2478"}],"wp:attachment":[{"href":"https:\/\/cpar.ufms.br\/en\/wp-json\/wp\/v2\/media?parent=7014"}],"wp:term":[{"taxonomy":"author","embeddable":true,"href":"https:\/\/cpar.ufms.br\/en\/wp-json\/wp\/v2\/coauthors?post=7014"}],"curies":[{"name":"wp","href":"https:\/\/api.w.org\/{rel}","templated":true}]}}