{"id":7435,"date":"2018-09-11T16:34:48","date_gmt":"2018-09-11T20:34:48","guid":{"rendered":"https:\/\/cpar.ufms.br\/?page_id=7435"},"modified":"2019-01-10T09:18:42","modified_gmt":"2019-01-10T13:18:42","slug":"anais-de-eventos","status":"publish","type":"page","link":"https:\/\/cpar.ufms.br\/en\/graduacao\/psicologia\/anais-de-eventos\/","title":{"rendered":"Declara\u00e7\u00f5es e Anais de Eventos"},"content":{"rendered":"<p><strong><a href=\"https:\/\/cpar.ufms.br\/files\/2018\/10\/ANAIS-III-Encontro-ABRAPSO-Parana\u00edba.pdf\">Anais do III Encontro de Educa\u00e7\u00e3o e\u00a0Psicologia Hist\u00f3rico- Cultural &#8211; 2017<\/a><\/strong><\/p>\n<p>Anais IV\u00a0Encontro de Educa\u00e7\u00e3o e\u00a0Psicologia\u00a0Hist\u00f3rico- Cultural e III Encontro do N\u00facleo Parana\u00edba da\u00a0ABRAPSO &#8211; 2018<\/p>\n<p>&nbsp;<\/p>\n<p><strong><a href=\"https:\/\/cpar.ufms.br\/files\/2018\/09\/DECLARA\u00c7\u00d5ES-PARTICIPANTES.pdf\">Declara\u00e7\u00e3o de Participa\u00e7\u00e3o na X Semana de Psicologia da UFMS-CPAR<\/a><\/strong><\/p>\n<p>(Todas as declara\u00e7\u00f5es est\u00e3o no mesmo arquivo. Utilize a ferramenta procurar [Ctrl + F] e procure por seu nome )<\/p>\n<p>&nbsp;<\/p>\n","protected":false},"excerpt":{"rendered":"<p>Anais do III Encontro de Educa\u00e7\u00e3o e\u00a0Psicologia Hist\u00f3rico- Cultural &#8211; 2017 Anais IV\u00a0Encontro de Educa\u00e7\u00e3o e\u00a0Psicologia\u00a0Hist\u00f3rico- Cultural e III Encontro do N\u00facleo Parana\u00edba da\u00a0ABRAPSO &#8211; 2018 &nbsp; Declara\u00e7\u00e3o de Participa\u00e7\u00e3o na X Semana de Psicologia da UFMS-CPAR (Todas as declara\u00e7\u00f5es est\u00e3o no mesmo arquivo. Utilize a ferramenta procurar [Ctrl + F] e procure por seu [&hellip;]<\/p>\n","protected":false},"author":1381,"featured_media":0,"parent":308,"menu_order":0,"comment_status":"closed","ping_status":"closed","template":"page-templates\/page-subcoordenadoria.php","meta":{"footnotes":""},"coauthors":[],"class_list":["post-7435","page","type-page","status-publish","hentry"],"yoast_head":"<!-- This site is optimized with the Yoast SEO plugin v26.2 - https:\/\/yoast.com\/wordpress\/plugins\/seo\/ -->\n<title>Declara\u00e7\u00f5es e Anais de Eventos - CPAR - Campus de Parana\u00edba<\/title>\n<meta name=\"robots\" content=\"index, follow, max-snippet:-1, max-image-preview:large, max-video-preview:-1\" \/>\n<link rel=\"canonical\" href=\"https:\/\/cpar.ufms.br\/graduacao\/psicologia\/anais-de-eventos\/\" \/>\n<meta property=\"og:locale\" content=\"en_US\" \/>\n<meta property=\"og:type\" content=\"article\" \/>\n<meta property=\"og:title\" content=\"Declara\u00e7\u00f5es e Anais de Eventos - CPAR - Campus de Parana\u00edba\" \/>\n<meta property=\"og:description\" content=\"Anais do III Encontro de Educa\u00e7\u00e3o e\u00a0Psicologia Hist\u00f3rico- Cultural &#8211; 2017 Anais IV\u00a0Encontro de Educa\u00e7\u00e3o e\u00a0Psicologia\u00a0Hist\u00f3rico- Cultural e III Encontro do N\u00facleo Parana\u00edba da\u00a0ABRAPSO &#8211; 2018 &nbsp; Declara\u00e7\u00e3o de Participa\u00e7\u00e3o na X Semana de Psicologia da UFMS-CPAR (Todas as declara\u00e7\u00f5es est\u00e3o no mesmo arquivo. Utilize a ferramenta procurar [Ctrl + F] e procure por seu [&hellip;]\" \/>\n<meta property=\"og:url\" content=\"https:\/\/cpar.ufms.br\/graduacao\/psicologia\/anais-de-eventos\/\" \/>\n<meta property=\"og:site_name\" content=\"CPAR - Campus de Parana\u00edba\" \/>\n<meta property=\"article:modified_time\" content=\"2019-01-10T13:18:42+00:00\" \/>\n<meta name=\"twitter:label1\" content=\"Written by\" \/>\n\t<meta name=\"twitter:data1\" content=\"dirceu.matos\" \/>\n<script type=\"application\/ld+json\" class=\"yoast-schema-graph\">{\"@context\":\"https:\/\/schema.org\",\"@graph\":[{\"@type\":\"WebPage\",\"@id\":\"https:\/\/cpar.ufms.br\/graduacao\/psicologia\/anais-de-eventos\/\",\"url\":\"https:\/\/cpar.ufms.br\/graduacao\/psicologia\/anais-de-eventos\/\",\"name\":\"Declara\u00e7\u00f5es e Anais de Eventos - CPAR - Campus de Parana\u00edba\",\"isPartOf\":{\"@id\":\"https:\/\/cpar.ufms.br\/#website\"},\"datePublished\":\"2018-09-11T20:34:48+00:00\",\"dateModified\":\"2019-01-10T13:18:42+00:00\",\"breadcrumb\":{\"@id\":\"https:\/\/cpar.ufms.br\/graduacao\/psicologia\/anais-de-eventos\/#breadcrumb\"},\"inLanguage\":\"en-US\",\"potentialAction\":[{\"@type\":\"ReadAction\",\"target\":[\"https:\/\/cpar.ufms.br\/graduacao\/psicologia\/anais-de-eventos\/\"]}]},{\"@type\":\"BreadcrumbList\",\"@id\":\"https:\/\/cpar.ufms.br\/graduacao\/psicologia\/anais-de-eventos\/#breadcrumb\",\"itemListElement\":[{\"@type\":\"ListItem\",\"position\":1,\"name\":\"In\u00edcio\",\"item\":\"https:\/\/cpar.ufms.br\/\"},{\"@type\":\"ListItem\",\"position\":2,\"name\":\"Gradua\u00e7\u00e3o\",\"item\":\"https:\/\/cpar.ufms.br\/graduacao\/\"},{\"@type\":\"ListItem\",\"position\":3,\"name\":\"Psicologia\",\"item\":\"https:\/\/cpar.ufms.br\/graduacao\/psicologia\/\"},{\"@type\":\"ListItem\",\"position\":4,\"name\":\"Declara\u00e7\u00f5es e Anais de Eventos\"}]},{\"@type\":\"WebSite\",\"@id\":\"https:\/\/cpar.ufms.br\/#website\",\"url\":\"https:\/\/cpar.ufms.br\/\",\"name\":\"CPAR - Campus de Parana\u00edba\",\"description\":\"Universidade Federal de Mato Grosso do Sul\",\"potentialAction\":[{\"@type\":\"SearchAction\",\"target\":{\"@type\":\"EntryPoint\",\"urlTemplate\":\"https:\/\/cpar.ufms.br\/?s={search_term_string}\"},\"query-input\":{\"@type\":\"PropertyValueSpecification\",\"valueRequired\":true,\"valueName\":\"search_term_string\"}}],\"inLanguage\":\"en-US\"}]}<\/script>\n<!-- \/ Yoast SEO plugin. -->","yoast_head_json":{"title":"Declara\u00e7\u00f5es e Anais de Eventos - CPAR - Campus de Parana\u00edba","robots":{"index":"index","follow":"follow","max-snippet":"max-snippet:-1","max-image-preview":"max-image-preview:large","max-video-preview":"max-video-preview:-1"},"canonical":"https:\/\/cpar.ufms.br\/graduacao\/psicologia\/anais-de-eventos\/","og_locale":"en_US","og_type":"article","og_title":"Declara\u00e7\u00f5es e Anais de Eventos - CPAR - Campus de Parana\u00edba","og_description":"Anais do III Encontro de Educa\u00e7\u00e3o e\u00a0Psicologia Hist\u00f3rico- Cultural &#8211; 2017 Anais IV\u00a0Encontro de Educa\u00e7\u00e3o e\u00a0Psicologia\u00a0Hist\u00f3rico- Cultural e III Encontro do N\u00facleo Parana\u00edba da\u00a0ABRAPSO &#8211; 2018 &nbsp; Declara\u00e7\u00e3o de Participa\u00e7\u00e3o na X Semana de Psicologia da UFMS-CPAR (Todas as declara\u00e7\u00f5es est\u00e3o no mesmo arquivo. Utilize a ferramenta procurar [Ctrl + F] e procure por seu [&hellip;]","og_url":"https:\/\/cpar.ufms.br\/graduacao\/psicologia\/anais-de-eventos\/","og_site_name":"CPAR - Campus de Parana\u00edba","article_modified_time":"2019-01-10T13:18:42+00:00","twitter_misc":{"Written by":"dirceu.matos"},"schema":{"@context":"https:\/\/schema.org","@graph":[{"@type":"WebPage","@id":"https:\/\/cpar.ufms.br\/graduacao\/psicologia\/anais-de-eventos\/","url":"https:\/\/cpar.ufms.br\/graduacao\/psicologia\/anais-de-eventos\/","name":"Declara\u00e7\u00f5es e Anais de Eventos - CPAR - Campus de Parana\u00edba","isPartOf":{"@id":"https:\/\/cpar.ufms.br\/#website"},"datePublished":"2018-09-11T20:34:48+00:00","dateModified":"2019-01-10T13:18:42+00:00","breadcrumb":{"@id":"https:\/\/cpar.ufms.br\/graduacao\/psicologia\/anais-de-eventos\/#breadcrumb"},"inLanguage":"en-US","potentialAction":[{"@type":"ReadAction","target":["https:\/\/cpar.ufms.br\/graduacao\/psicologia\/anais-de-eventos\/"]}]},{"@type":"BreadcrumbList","@id":"https:\/\/cpar.ufms.br\/graduacao\/psicologia\/anais-de-eventos\/#breadcrumb","itemListElement":[{"@type":"ListItem","position":1,"name":"In\u00edcio","item":"https:\/\/cpar.ufms.br\/"},{"@type":"ListItem","position":2,"name":"Gradua\u00e7\u00e3o","item":"https:\/\/cpar.ufms.br\/graduacao\/"},{"@type":"ListItem","position":3,"name":"Psicologia","item":"https:\/\/cpar.ufms.br\/graduacao\/psicologia\/"},{"@type":"ListItem","position":4,"name":"Declara\u00e7\u00f5es e Anais de Eventos"}]},{"@type":"WebSite","@id":"https:\/\/cpar.ufms.br\/#website","url":"https:\/\/cpar.ufms.br\/","name":"CPAR - Campus de Parana\u00edba","description":"Universidade Federal de Mato Grosso do Sul","potentialAction":[{"@type":"SearchAction","target":{"@type":"EntryPoint","urlTemplate":"https:\/\/cpar.ufms.br\/?s={search_term_string}"},"query-input":{"@type":"PropertyValueSpecification","valueRequired":true,"valueName":"search_term_string"}}],"inLanguage":"en-US"}]}},"_links":{"self":[{"href":"https:\/\/cpar.ufms.br\/en\/wp-json\/wp\/v2\/pages\/7435","targetHints":{"allow":["GET"]}}],"collection":[{"href":"https:\/\/cpar.ufms.br\/en\/wp-json\/wp\/v2\/pages"}],"about":[{"href":"https:\/\/cpar.ufms.br\/en\/wp-json\/wp\/v2\/types\/page"}],"author":[{"embeddable":true,"href":"https:\/\/cpar.ufms.br\/en\/wp-json\/wp\/v2\/users\/1381"}],"replies":[{"embeddable":true,"href":"https:\/\/cpar.ufms.br\/en\/wp-json\/wp\/v2\/comments?post=7435"}],"version-history":[{"count":6,"href":"https:\/\/cpar.ufms.br\/en\/wp-json\/wp\/v2\/pages\/7435\/revisions"}],"predecessor-version":[{"id":7788,"href":"https:\/\/cpar.ufms.br\/en\/wp-json\/wp\/v2\/pages\/7435\/revisions\/7788"}],"up":[{"embeddable":true,"href":"https:\/\/cpar.ufms.br\/en\/wp-json\/wp\/v2\/pages\/308"}],"wp:attachment":[{"href":"https:\/\/cpar.ufms.br\/en\/wp-json\/wp\/v2\/media?parent=7435"}],"wp:term":[{"taxonomy":"author","embeddable":true,"href":"https:\/\/cpar.ufms.br\/en\/wp-json\/wp\/v2\/coauthors?post=7435"}],"curies":[{"name":"wp","href":"https:\/\/api.w.org\/{rel}","templated":true}]}}