{"id":7827,"date":"2019-02-06T15:07:15","date_gmt":"2019-02-06T19:07:15","guid":{"rendered":"https:\/\/cpar.ufms.br\/?page_id=7827"},"modified":"2022-02-02T17:54:46","modified_gmt":"2022-02-02T21:54:46","slug":"projetos","status":"publish","type":"page","link":"https:\/\/cpar.ufms.br\/en\/projetos\/","title":{"rendered":"Projetos"},"content":{"rendered":"<p><a href=\"https:\/\/cpar.ufms.br\/projetos-de-pesquisa\/projetos-de-extensao\/\" target=\"_blank\" rel=\"noopener\">Projetos de Extens\u00e3o<\/a><\/p>\n<p><a href=\"https:\/\/cpar.ufms.br\/projetos\/projetos-de-pesquisa\/\" target=\"_blank\" rel=\"noopener\">Projetos de Pesquisa<\/a><\/p>\n<p><a href=\"https:\/\/cpar.ufms.br\/projetos\/projetos-de-ensino\/\" target=\"_blank\" rel=\"noopener\">Projetos de Ensino<\/a><\/p>\n<p><b>Aprovou um projeto? Preencha o formul\u00e1rio a seguir: <\/b><a href=\"https:\/\/docs.google.com\/forms\/d\/e\/1FAIpQLSe-Hvs4Kd2X1RQROjTZodJxJdkUQMu0OZwk28liOcBo6x1ttg\/viewform\" target=\"_blank\" rel=\"noopener noreferrer\" data-saferedirecturl=\"https:\/\/www.google.com\/url?q=https:\/\/docs.google.com\/forms\/d\/e\/1FAIpQLSe-Hvs4Kd2X1RQROjTZodJxJdkUQMu0OZwk28liOcBo6x1ttg\/viewform&amp;source=gmail&amp;ust=1612972322730000&amp;usg=AFQjCNE99wOAkRCeugk9xP6wrz8B2CGQxg\">https:\/\/docs.google.com\/forms\/d\/e\/1FAIpQLSe-Hvs4Kd2X1RQROjTZodJxJdkUQMu0OZwk28liOcBo6x1ttg\/viewform<\/a><\/p>\n","protected":false},"excerpt":{"rendered":"<p>Projetos de Extens\u00e3o Projetos de Pesquisa Projetos de Ensino Aprovou um projeto? Preencha o formul\u00e1rio a seguir: https:\/\/docs.google.com\/forms\/d\/e\/1FAIpQLSe-Hvs4Kd2X1RQROjTZodJxJdkUQMu0OZwk28liOcBo6x1ttg\/viewform<\/p>\n","protected":false},"author":1381,"featured_media":0,"parent":0,"menu_order":0,"comment_status":"closed","ping_status":"closed","template":"page-templates\/page-coordenadorias.php","meta":{"footnotes":""},"coauthors":[],"class_list":["post-7827","page","type-page","status-publish","hentry"],"yoast_head":"<!-- This site is optimized with the Yoast SEO plugin v26.2 - https:\/\/yoast.com\/wordpress\/plugins\/seo\/ -->\n<title>Projetos - CPAR - Campus de Parana\u00edba<\/title>\n<meta name=\"robots\" content=\"index, follow, max-snippet:-1, max-image-preview:large, max-video-preview:-1\" \/>\n<link rel=\"canonical\" href=\"https:\/\/cpar.ufms.br\/projetos\/\" \/>\n<meta property=\"og:locale\" content=\"en_US\" \/>\n<meta property=\"og:type\" content=\"article\" \/>\n<meta property=\"og:title\" content=\"Projetos - CPAR - Campus de Parana\u00edba\" \/>\n<meta property=\"og:description\" content=\"Projetos de Extens\u00e3o Projetos de Pesquisa Projetos de Ensino Aprovou um projeto? Preencha o formul\u00e1rio a seguir: https:\/\/docs.google.com\/forms\/d\/e\/1FAIpQLSe-Hvs4Kd2X1RQROjTZodJxJdkUQMu0OZwk28liOcBo6x1ttg\/viewform\" \/>\n<meta property=\"og:url\" content=\"https:\/\/cpar.ufms.br\/projetos\/\" \/>\n<meta property=\"og:site_name\" content=\"CPAR - Campus de Parana\u00edba\" \/>\n<meta property=\"article:modified_time\" content=\"2022-02-02T21:54:46+00:00\" \/>\n<meta name=\"twitter:label1\" content=\"Est. reading time\" \/>\n\t<meta name=\"twitter:data1\" content=\"1 minute\" \/>\n\t<meta name=\"twitter:label2\" content=\"Written by\" \/>\n\t<meta name=\"twitter:data2\" content=\"dirceu.matos\" \/>\n<script type=\"application\/ld+json\" class=\"yoast-schema-graph\">{\"@context\":\"https:\/\/schema.org\",\"@graph\":[{\"@type\":\"WebPage\",\"@id\":\"https:\/\/cpar.ufms.br\/projetos\/\",\"url\":\"https:\/\/cpar.ufms.br\/projetos\/\",\"name\":\"Projetos - CPAR - Campus de Parana\u00edba\",\"isPartOf\":{\"@id\":\"https:\/\/cpar.ufms.br\/#website\"},\"datePublished\":\"2019-02-06T19:07:15+00:00\",\"dateModified\":\"2022-02-02T21:54:46+00:00\",\"breadcrumb\":{\"@id\":\"https:\/\/cpar.ufms.br\/projetos\/#breadcrumb\"},\"inLanguage\":\"en-US\",\"potentialAction\":[{\"@type\":\"ReadAction\",\"target\":[\"https:\/\/cpar.ufms.br\/projetos\/\"]}]},{\"@type\":\"BreadcrumbList\",\"@id\":\"https:\/\/cpar.ufms.br\/projetos\/#breadcrumb\",\"itemListElement\":[{\"@type\":\"ListItem\",\"position\":1,\"name\":\"In\u00edcio\",\"item\":\"https:\/\/cpar.ufms.br\/\"},{\"@type\":\"ListItem\",\"position\":2,\"name\":\"Projetos\"}]},{\"@type\":\"WebSite\",\"@id\":\"https:\/\/cpar.ufms.br\/#website\",\"url\":\"https:\/\/cpar.ufms.br\/\",\"name\":\"CPAR - Campus de Parana\u00edba\",\"description\":\"Universidade Federal de Mato Grosso do Sul\",\"potentialAction\":[{\"@type\":\"SearchAction\",\"target\":{\"@type\":\"EntryPoint\",\"urlTemplate\":\"https:\/\/cpar.ufms.br\/?s={search_term_string}\"},\"query-input\":{\"@type\":\"PropertyValueSpecification\",\"valueRequired\":true,\"valueName\":\"search_term_string\"}}],\"inLanguage\":\"en-US\"}]}<\/script>\n<!-- \/ Yoast SEO plugin. -->","yoast_head_json":{"title":"Projetos - CPAR - Campus de Parana\u00edba","robots":{"index":"index","follow":"follow","max-snippet":"max-snippet:-1","max-image-preview":"max-image-preview:large","max-video-preview":"max-video-preview:-1"},"canonical":"https:\/\/cpar.ufms.br\/projetos\/","og_locale":"en_US","og_type":"article","og_title":"Projetos - CPAR - Campus de Parana\u00edba","og_description":"Projetos de Extens\u00e3o Projetos de Pesquisa Projetos de Ensino Aprovou um projeto? Preencha o formul\u00e1rio a seguir: https:\/\/docs.google.com\/forms\/d\/e\/1FAIpQLSe-Hvs4Kd2X1RQROjTZodJxJdkUQMu0OZwk28liOcBo6x1ttg\/viewform","og_url":"https:\/\/cpar.ufms.br\/projetos\/","og_site_name":"CPAR - Campus de Parana\u00edba","article_modified_time":"2022-02-02T21:54:46+00:00","twitter_misc":{"Est. reading time":"1 minute","Written by":"dirceu.matos"},"schema":{"@context":"https:\/\/schema.org","@graph":[{"@type":"WebPage","@id":"https:\/\/cpar.ufms.br\/projetos\/","url":"https:\/\/cpar.ufms.br\/projetos\/","name":"Projetos - CPAR - Campus de Parana\u00edba","isPartOf":{"@id":"https:\/\/cpar.ufms.br\/#website"},"datePublished":"2019-02-06T19:07:15+00:00","dateModified":"2022-02-02T21:54:46+00:00","breadcrumb":{"@id":"https:\/\/cpar.ufms.br\/projetos\/#breadcrumb"},"inLanguage":"en-US","potentialAction":[{"@type":"ReadAction","target":["https:\/\/cpar.ufms.br\/projetos\/"]}]},{"@type":"BreadcrumbList","@id":"https:\/\/cpar.ufms.br\/projetos\/#breadcrumb","itemListElement":[{"@type":"ListItem","position":1,"name":"In\u00edcio","item":"https:\/\/cpar.ufms.br\/"},{"@type":"ListItem","position":2,"name":"Projetos"}]},{"@type":"WebSite","@id":"https:\/\/cpar.ufms.br\/#website","url":"https:\/\/cpar.ufms.br\/","name":"CPAR - Campus de Parana\u00edba","description":"Universidade Federal de Mato Grosso do Sul","potentialAction":[{"@type":"SearchAction","target":{"@type":"EntryPoint","urlTemplate":"https:\/\/cpar.ufms.br\/?s={search_term_string}"},"query-input":{"@type":"PropertyValueSpecification","valueRequired":true,"valueName":"search_term_string"}}],"inLanguage":"en-US"}]}},"_links":{"self":[{"href":"https:\/\/cpar.ufms.br\/en\/wp-json\/wp\/v2\/pages\/7827","targetHints":{"allow":["GET"]}}],"collection":[{"href":"https:\/\/cpar.ufms.br\/en\/wp-json\/wp\/v2\/pages"}],"about":[{"href":"https:\/\/cpar.ufms.br\/en\/wp-json\/wp\/v2\/types\/page"}],"author":[{"embeddable":true,"href":"https:\/\/cpar.ufms.br\/en\/wp-json\/wp\/v2\/users\/1381"}],"replies":[{"embeddable":true,"href":"https:\/\/cpar.ufms.br\/en\/wp-json\/wp\/v2\/comments?post=7827"}],"version-history":[{"count":6,"href":"https:\/\/cpar.ufms.br\/en\/wp-json\/wp\/v2\/pages\/7827\/revisions"}],"predecessor-version":[{"id":12833,"href":"https:\/\/cpar.ufms.br\/en\/wp-json\/wp\/v2\/pages\/7827\/revisions\/12833"}],"wp:attachment":[{"href":"https:\/\/cpar.ufms.br\/en\/wp-json\/wp\/v2\/media?parent=7827"}],"wp:term":[{"taxonomy":"author","embeddable":true,"href":"https:\/\/cpar.ufms.br\/en\/wp-json\/wp\/v2\/coauthors?post=7827"}],"curies":[{"name":"wp","href":"https:\/\/api.w.org\/{rel}","templated":true}]}}