{"id":83,"date":"2013-02-23T16:23:35","date_gmt":"2013-02-23T20:23:35","guid":{"rendered":"http:\/\/cpar.draconis.ufms.br\/?page_id=83"},"modified":"2026-01-06T07:52:56","modified_gmt":"2026-01-06T11:52:56","slug":"administracao","status":"publish","type":"page","link":"https:\/\/cpar.ufms.br\/en\/graduacao\/administracao\/","title":{"rendered":"Administra\u00e7\u00e3o"},"content":{"rendered":"<p><a href=\"https:\/\/cpar.ufms.br\/files\/2023\/10\/guia-administracao.png\"><img fetchpriority=\"high\" decoding=\"async\" class=\" wp-image-16213 aligncenter\" src=\"https:\/\/cpar.ufms.br\/files\/2024\/09\/CamScanner-03-09-2024-13.57_pages-to-jpg-0001-300x213.jpg\" alt=\"\" width=\"607\" height=\"431\" srcset=\"https:\/\/cpar.ufms.br\/files\/2024\/09\/CamScanner-03-09-2024-13.57_pages-to-jpg-0001-300x213.jpg 300w, https:\/\/cpar.ufms.br\/files\/2024\/09\/CamScanner-03-09-2024-13.57_pages-to-jpg-0001-1024x728.jpg 1024w, https:\/\/cpar.ufms.br\/files\/2024\/09\/CamScanner-03-09-2024-13.57_pages-to-jpg-0001-768x546.jpg 768w, https:\/\/cpar.ufms.br\/files\/2024\/09\/CamScanner-03-09-2024-13.57_pages-to-jpg-0001-1536x1092.jpg 1536w, https:\/\/cpar.ufms.br\/files\/2024\/09\/CamScanner-03-09-2024-13.57_pages-to-jpg-0001-2048x1456.jpg 2048w, https:\/\/cpar.ufms.br\/files\/2024\/09\/CamScanner-03-09-2024-13.57_pages-to-jpg-0001-450x320.jpg 450w\" sizes=\"(max-width: 607px) 100vw, 607px\" \/><\/a><\/p>\n<p>&nbsp;<\/p>\n<p style=\"text-align: justify\">O curso de Bacharel em Administra\u00e7\u00e3o da Universidade Federal de Mato Grosso do Sul (UFMS) em Parana\u00edba-MS foi criado em maio de 2001, com ingresso de acad\u00eamicos no Vestibular de Inverno 2001. As atividades acad\u00eamicas ocorreram inicialmente em escolas cedidas e a partir de 2007, com a constru\u00e7\u00e3o de instala\u00e7\u00f5es pr\u00f3prias, as atividades foram definitivamente transferidas para o CPAR. O curso de Administra\u00e7\u00e3o tem como perfil do Bacharel em Administra\u00e7\u00e3o um profissional que disponha de capacidades de atua\u00e7\u00e3o no mercado de trabalho, com potencialidade de autoafirma\u00e7\u00e3o e do exerc\u00edcio profissional.<\/p>\n<p><strong><em> <a href=\"https:\/\/cpar.ufms.br\/files\/2024\/10\/guiadoestudante-ADM.png\"><img decoding=\"async\" class=\"aligncenter wp-image-16362\" src=\"https:\/\/cpar.ufms.br\/files\/2024\/10\/guiadoestudante-ADM.png\" alt=\"\" width=\"407\" height=\"557\" srcset=\"https:\/\/cpar.ufms.br\/files\/2024\/10\/guiadoestudante-ADM.png 595w, https:\/\/cpar.ufms.br\/files\/2024\/10\/guiadoestudante-ADM-219x300.png 219w, https:\/\/cpar.ufms.br\/files\/2024\/10\/guiadoestudante-ADM-234x320.png 234w\" sizes=\"(max-width: 407px) 100vw, 407px\" \/><\/a><\/em><\/strong><\/p>\n<p><strong>Coordenador: <em><a title=\"Prof. Dr. Fabiano Martin Tiossi\" href=\"https:\/\/cpar.ufms.br\/graduacao\/administracao\/corpo-docente\/prof-dr-dalton-de-sousa\/\">Prof. Dr. Dalton de Sousa<\/a><br \/>\n<\/em><\/strong><\/p>\n<p>Substituto: <a title=\"Prof. Dr. Rafael Pazeto Alvarenga\" href=\"https:\/\/cpar.ufms.br\/graduacao\/administracao\/corpo-docente\/prof-me-carlos-rodrigues-da-silva\/\"><strong><em>Prof. Dr. Carlos Rodrigues da Silva<\/em><\/strong><\/a><\/p>\n<p>email: adm.cpar@ufms.br<\/p>\n<p>telefone: 67 3669-0151 (liga\u00e7\u00f5es e whatsapp)<\/p>\n<p><strong>Links importantes:<br \/>\n<\/strong><\/p>\n<p><a href=\"http:\/\/www.cfa.org.br\">CFA \u2013 Conselho Federal de Administra\u00e7\u00e3o <\/a><\/p>\n<p><a href=\"http:\/\/www.crams.org.br\">CRA-MS \u2013 Conselho Regional de Administra\u00e7\u00e3o de Mato Grosso do Sul<\/a><\/p>\n<p><a href=\"http:\/\/administradores.com.br\">Administradores.com<\/a><\/p>\n<p><a href=\"http:\/\/guiadoestudante.abril.com.br\/profissoes\/administracao-negocios\/administracao-690663.shtml\">Guia do Estudante &#8211; Administra\u00e7\u00e3o<\/a><\/p>\n","protected":false},"excerpt":{"rendered":"<p>&nbsp; O curso de Bacharel em Administra\u00e7\u00e3o da Universidade Federal de Mato Grosso do Sul (UFMS) em Parana\u00edba-MS foi criado em maio de 2001, com ingresso de acad\u00eamicos no Vestibular de Inverno 2001. As atividades acad\u00eamicas ocorreram inicialmente em escolas cedidas e a partir de 2007, com a constru\u00e7\u00e3o de instala\u00e7\u00f5es pr\u00f3prias, as atividades foram [&hellip;]<\/p>\n","protected":false},"author":1381,"featured_media":1324,"parent":1211,"menu_order":0,"comment_status":"closed","ping_status":"closed","template":"page-templates\/page-coordenadorias.php","meta":{"footnotes":""},"coauthors":[372],"class_list":["post-83","page","type-page","status-publish","has-post-thumbnail","hentry"],"yoast_head":"<!-- This site is optimized with the Yoast SEO plugin v26.2 - https:\/\/yoast.com\/wordpress\/plugins\/seo\/ -->\n<title>Administra\u00e7\u00e3o - CPAR - Campus de Parana\u00edba<\/title>\n<meta name=\"robots\" content=\"index, follow, max-snippet:-1, max-image-preview:large, max-video-preview:-1\" \/>\n<link rel=\"canonical\" href=\"https:\/\/cpar.ufms.br\/graduacao\/administracao\/\" \/>\n<meta property=\"og:locale\" content=\"en_US\" \/>\n<meta property=\"og:type\" content=\"article\" \/>\n<meta property=\"og:title\" content=\"Administra\u00e7\u00e3o - CPAR - Campus de Parana\u00edba\" \/>\n<meta property=\"og:description\" content=\"&nbsp; O curso de Bacharel em Administra\u00e7\u00e3o da Universidade Federal de Mato Grosso do Sul (UFMS) em Parana\u00edba-MS foi criado em maio de 2001, com ingresso de acad\u00eamicos no Vestibular de Inverno 2001. As atividades acad\u00eamicas ocorreram inicialmente em escolas cedidas e a partir de 2007, com a constru\u00e7\u00e3o de instala\u00e7\u00f5es pr\u00f3prias, as atividades foram [&hellip;]\" \/>\n<meta property=\"og:url\" content=\"https:\/\/cpar.ufms.br\/graduacao\/administracao\/\" \/>\n<meta property=\"og:site_name\" content=\"CPAR - Campus de Parana\u00edba\" \/>\n<meta property=\"article:modified_time\" content=\"2026-01-06T11:52:56+00:00\" \/>\n<meta property=\"og:image\" content=\"https:\/\/cpar.ufms.br\/files\/2013\/02\/NEWSd0dd99b933.jpg\" \/>\n\t<meta property=\"og:image:width\" content=\"400\" \/>\n\t<meta property=\"og:image:height\" content=\"300\" \/>\n\t<meta property=\"og:image:type\" content=\"image\/jpeg\" \/>\n<meta name=\"twitter:label1\" content=\"Est. reading time\" \/>\n\t<meta name=\"twitter:data1\" content=\"2 minutes\" \/>\n\t<meta name=\"twitter:label2\" content=\"Written by\" \/>\n\t<meta name=\"twitter:data2\" content=\"dirceu.matos\" \/>\n<script type=\"application\/ld+json\" class=\"yoast-schema-graph\">{\"@context\":\"https:\/\/schema.org\",\"@graph\":[{\"@type\":\"WebPage\",\"@id\":\"https:\/\/cpar.ufms.br\/graduacao\/administracao\/\",\"url\":\"https:\/\/cpar.ufms.br\/graduacao\/administracao\/\",\"name\":\"Administra\u00e7\u00e3o - CPAR - Campus de Parana\u00edba\",\"isPartOf\":{\"@id\":\"https:\/\/cpar.ufms.br\/#website\"},\"primaryImageOfPage\":{\"@id\":\"https:\/\/cpar.ufms.br\/graduacao\/administracao\/#primaryimage\"},\"image\":{\"@id\":\"https:\/\/cpar.ufms.br\/graduacao\/administracao\/#primaryimage\"},\"thumbnailUrl\":\"https:\/\/cpar.ufms.br\/files\/2013\/02\/NEWSd0dd99b933.jpg\",\"datePublished\":\"2013-02-23T20:23:35+00:00\",\"dateModified\":\"2026-01-06T11:52:56+00:00\",\"breadcrumb\":{\"@id\":\"https:\/\/cpar.ufms.br\/graduacao\/administracao\/#breadcrumb\"},\"inLanguage\":\"en-US\",\"potentialAction\":[{\"@type\":\"ReadAction\",\"target\":[\"https:\/\/cpar.ufms.br\/graduacao\/administracao\/\"]}]},{\"@type\":\"ImageObject\",\"inLanguage\":\"en-US\",\"@id\":\"https:\/\/cpar.ufms.br\/graduacao\/administracao\/#primaryimage\",\"url\":\"https:\/\/cpar.ufms.br\/files\/2013\/02\/NEWSd0dd99b933.jpg\",\"contentUrl\":\"https:\/\/cpar.ufms.br\/files\/2013\/02\/NEWSd0dd99b933.jpg\",\"width\":400,\"height\":300},{\"@type\":\"BreadcrumbList\",\"@id\":\"https:\/\/cpar.ufms.br\/graduacao\/administracao\/#breadcrumb\",\"itemListElement\":[{\"@type\":\"ListItem\",\"position\":1,\"name\":\"In\u00edcio\",\"item\":\"https:\/\/cpar.ufms.br\/\"},{\"@type\":\"ListItem\",\"position\":2,\"name\":\"Gradua\u00e7\u00e3o\",\"item\":\"https:\/\/cpar.ufms.br\/graduacao\/\"},{\"@type\":\"ListItem\",\"position\":3,\"name\":\"Administra\u00e7\u00e3o\"}]},{\"@type\":\"WebSite\",\"@id\":\"https:\/\/cpar.ufms.br\/#website\",\"url\":\"https:\/\/cpar.ufms.br\/\",\"name\":\"CPAR - Campus de Parana\u00edba\",\"description\":\"Universidade Federal de Mato Grosso do Sul\",\"potentialAction\":[{\"@type\":\"SearchAction\",\"target\":{\"@type\":\"EntryPoint\",\"urlTemplate\":\"https:\/\/cpar.ufms.br\/?s={search_term_string}\"},\"query-input\":{\"@type\":\"PropertyValueSpecification\",\"valueRequired\":true,\"valueName\":\"search_term_string\"}}],\"inLanguage\":\"en-US\"}]}<\/script>\n<!-- \/ Yoast SEO plugin. -->","yoast_head_json":{"title":"Administra\u00e7\u00e3o - CPAR - Campus de Parana\u00edba","robots":{"index":"index","follow":"follow","max-snippet":"max-snippet:-1","max-image-preview":"max-image-preview:large","max-video-preview":"max-video-preview:-1"},"canonical":"https:\/\/cpar.ufms.br\/graduacao\/administracao\/","og_locale":"en_US","og_type":"article","og_title":"Administra\u00e7\u00e3o - CPAR - Campus de Parana\u00edba","og_description":"&nbsp; O curso de Bacharel em Administra\u00e7\u00e3o da Universidade Federal de Mato Grosso do Sul (UFMS) em Parana\u00edba-MS foi criado em maio de 2001, com ingresso de acad\u00eamicos no Vestibular de Inverno 2001. As atividades acad\u00eamicas ocorreram inicialmente em escolas cedidas e a partir de 2007, com a constru\u00e7\u00e3o de instala\u00e7\u00f5es pr\u00f3prias, as atividades foram [&hellip;]","og_url":"https:\/\/cpar.ufms.br\/graduacao\/administracao\/","og_site_name":"CPAR - Campus de Parana\u00edba","article_modified_time":"2026-01-06T11:52:56+00:00","og_image":[{"width":400,"height":300,"url":"https:\/\/cpar.ufms.br\/files\/2013\/02\/NEWSd0dd99b933.jpg","type":"image\/jpeg"}],"twitter_misc":{"Est. reading time":"2 minutes","Written by":"dirceu.matos"},"schema":{"@context":"https:\/\/schema.org","@graph":[{"@type":"WebPage","@id":"https:\/\/cpar.ufms.br\/graduacao\/administracao\/","url":"https:\/\/cpar.ufms.br\/graduacao\/administracao\/","name":"Administra\u00e7\u00e3o - CPAR - Campus de Parana\u00edba","isPartOf":{"@id":"https:\/\/cpar.ufms.br\/#website"},"primaryImageOfPage":{"@id":"https:\/\/cpar.ufms.br\/graduacao\/administracao\/#primaryimage"},"image":{"@id":"https:\/\/cpar.ufms.br\/graduacao\/administracao\/#primaryimage"},"thumbnailUrl":"https:\/\/cpar.ufms.br\/files\/2013\/02\/NEWSd0dd99b933.jpg","datePublished":"2013-02-23T20:23:35+00:00","dateModified":"2026-01-06T11:52:56+00:00","breadcrumb":{"@id":"https:\/\/cpar.ufms.br\/graduacao\/administracao\/#breadcrumb"},"inLanguage":"en-US","potentialAction":[{"@type":"ReadAction","target":["https:\/\/cpar.ufms.br\/graduacao\/administracao\/"]}]},{"@type":"ImageObject","inLanguage":"en-US","@id":"https:\/\/cpar.ufms.br\/graduacao\/administracao\/#primaryimage","url":"https:\/\/cpar.ufms.br\/files\/2013\/02\/NEWSd0dd99b933.jpg","contentUrl":"https:\/\/cpar.ufms.br\/files\/2013\/02\/NEWSd0dd99b933.jpg","width":400,"height":300},{"@type":"BreadcrumbList","@id":"https:\/\/cpar.ufms.br\/graduacao\/administracao\/#breadcrumb","itemListElement":[{"@type":"ListItem","position":1,"name":"In\u00edcio","item":"https:\/\/cpar.ufms.br\/"},{"@type":"ListItem","position":2,"name":"Gradua\u00e7\u00e3o","item":"https:\/\/cpar.ufms.br\/graduacao\/"},{"@type":"ListItem","position":3,"name":"Administra\u00e7\u00e3o"}]},{"@type":"WebSite","@id":"https:\/\/cpar.ufms.br\/#website","url":"https:\/\/cpar.ufms.br\/","name":"CPAR - Campus de Parana\u00edba","description":"Universidade Federal de Mato Grosso do Sul","potentialAction":[{"@type":"SearchAction","target":{"@type":"EntryPoint","urlTemplate":"https:\/\/cpar.ufms.br\/?s={search_term_string}"},"query-input":{"@type":"PropertyValueSpecification","valueRequired":true,"valueName":"search_term_string"}}],"inLanguage":"en-US"}]}},"_links":{"self":[{"href":"https:\/\/cpar.ufms.br\/en\/wp-json\/wp\/v2\/pages\/83","targetHints":{"allow":["GET"]}}],"collection":[{"href":"https:\/\/cpar.ufms.br\/en\/wp-json\/wp\/v2\/pages"}],"about":[{"href":"https:\/\/cpar.ufms.br\/en\/wp-json\/wp\/v2\/types\/page"}],"author":[{"embeddable":true,"href":"https:\/\/cpar.ufms.br\/en\/wp-json\/wp\/v2\/users\/1381"}],"replies":[{"embeddable":true,"href":"https:\/\/cpar.ufms.br\/en\/wp-json\/wp\/v2\/comments?post=83"}],"version-history":[{"count":60,"href":"https:\/\/cpar.ufms.br\/en\/wp-json\/wp\/v2\/pages\/83\/revisions"}],"predecessor-version":[{"id":17302,"href":"https:\/\/cpar.ufms.br\/en\/wp-json\/wp\/v2\/pages\/83\/revisions\/17302"}],"up":[{"embeddable":true,"href":"https:\/\/cpar.ufms.br\/en\/wp-json\/wp\/v2\/pages\/1211"}],"wp:featuredmedia":[{"embeddable":true,"href":"https:\/\/cpar.ufms.br\/en\/wp-json\/wp\/v2\/media\/1324"}],"wp:attachment":[{"href":"https:\/\/cpar.ufms.br\/en\/wp-json\/wp\/v2\/media?parent=83"}],"wp:term":[{"taxonomy":"author","embeddable":true,"href":"https:\/\/cpar.ufms.br\/en\/wp-json\/wp\/v2\/coauthors?post=83"}],"curies":[{"name":"wp","href":"https:\/\/api.w.org\/{rel}","templated":true}]}}