{"id":857,"date":"2014-09-16T16:34:09","date_gmt":"2014-09-16T20:34:09","guid":{"rendered":"http:\/\/cpar.draconis.ufms.br\/?page_id=857"},"modified":"2025-12-16T17:24:19","modified_gmt":"2025-12-16T21:24:19","slug":"colegiado-de-curso","status":"publish","type":"page","link":"https:\/\/cpar.ufms.br\/en\/graduacao\/psicologia\/colegiado-de-curso\/","title":{"rendered":"Colegiado de Curso &#8211; Psicologia"},"content":{"rendered":"<h4 style=\"text-align: justify\"><strong>Composi\u00e7\u00e3o<\/strong><\/h4>\n<p style=\"text-align: justify\">I \u2013 quatro docentes da Carreira do Magist\u00e9rio Superior lotados na Unidade da Administra\u00e7\u00e3o Setorial de oferta do curso, com mandato de dois anos, permitida uma recondu\u00e7\u00e3o; e<br \/>\nII \u2013 um representante discente matriculado no respectivo curso, indicado pelo Diret\u00f3rio Central dos Estudantes, com mandato de um ano, permitida uma recondu\u00e7\u00e3o. 30\/11\/2021<br \/>\n\u00a7 1\u00ba Pelo menos dois docentes, preferencialmente, devem ter forma\u00e7\u00e3o na \u00e1rea do curso.<br \/>\n\u00a7 2\u00ba Os docentes do Colegiado de Curso de Gradua\u00e7\u00e3o ser\u00e3o eleitos pelos professores integrantes da Carreira do Magist\u00e9rio Superior, em efetivo exerc\u00edcio, que ministram disciplinas ao curso.<\/p>\n<p style=\"text-align: justify\">Os Cursos de Gradua\u00e7\u00e3o vinculados a Programas Especiais t\u00eam como \u00f3rg\u00e3o deliberativo e normativo o Colegiado Especial de Curso.<br \/>\n\u00a7 1\u00ba Os Colegiados ter\u00e3o a mesma composi\u00e7\u00e3o descrita nos incisos I e II, do art. 14, e os membros docentes dever\u00e3o ser integrantes da Carreira do Magist\u00e9rio Superior da UFMS, lotados em qualquer Unidade da UFMS, designados pelo Reitor.<br \/>\n\u00a7 2\u00ba Aos Presidentes dos Colegiados Especiais de Curso poder\u00e3o ser retribu\u00eddos bolsa ou outro meio de contrapresta\u00e7\u00e3o de servi\u00e7os.<\/p>\n<h4 style=\"text-align: justify\"><strong>Compet\u00eancias<\/strong><\/h4>\n<p style=\"text-align: justify\">I &#8211; aprovar os Planos de Ensino das disciplinas da estrutura curricular do Curso;<br \/>\nII \u2013 garantir coer\u00eancia entre as atividades did\u00e1tico-pedag\u00f3gicas e as acad\u00eamicas com os objetivos e o perfil do profissional definidos no Projeto Pedag\u00f3gico do Curso;<br \/>\nIII \u2013 manifestar sobre as altera\u00e7\u00f5es do Projeto Pedag\u00f3gico do Curso;<br \/>\nIV \u2013 aprovar as solicita\u00e7\u00f5es de aproveitamento de estudos;<br \/>\nV \u2013 aprovar o Plano de Estudos dos estudantes;<br \/>\nVI \u2013 manifestar sobre a altera\u00e7\u00e3o, a suspens\u00e3o e a extin\u00e7\u00e3o do Curso;<br \/>\nVII \u2013 propor estrat\u00e9gias para atingir as metas do Plano de Desenvolvimento Institucional (PDI) integrado ao Projeto Pedag\u00f3gico Institucional (PPI) e ao Plano de Desenvolvimento da Unidade (PDU), em rela\u00e7\u00e3o aos indicadores de desempenho do curso;<br \/>\nVIII &#8211; fixar normas em mat\u00e9rias de sua compet\u00eancia; e<br \/>\nIX \u2013 resolver, na sua \u00e1rea de compet\u00eancia, os casos n\u00e3o previstos neste artigo. Par\u00e1grafo \u00fanico. Compete aos Colegiados Especiais de Curso as mesmas atribui\u00e7\u00f5es descritas neste artigo.<\/p>\n<p style=\"text-align: justify\">(Artigos 14, 15 e 16 do Regimento Geral da UFMS &#8211; <a href=\"https:\/\/boletimoficial.ufms.br\/bse\/publicacao?id=441904\">Resolu\u00e7\u00e3o n.\u00ba 137 &#8211; COUN\/2021*<\/a><\/p>\n<h4><strong><br \/>\nRegimento Interno do Colegiado de Curso<\/strong> &#8211; <a href=\"https:\/\/www.ufms.br\/wp-content\/uploads\/2022\/02\/149_Rep_Aprova-o-Regimento-Interno-dos-Colegiados-de-Curso-Resolucao.pdf\">Resolu\u00e7\u00e3o n\u00b0 149\/2021*.<\/a><\/h4>\n<h4><strong><br \/>\nMembros do Colegiado de Curso &#8211; <a href=\"https:\/\/boletimoficial.ufms.br\/bse\/publicacao?id=577751\">Portaria n\u00b0 138-CPAR\/2025.<\/a><\/strong><\/h4>\n<p>Prof. Cledione Jacinto de Freitas &#8211; Presidente<br \/>\nProf\u00aa Dr\u00aa. Camila Bellini Colussi Macedo<br \/>\nProf. Dr. Gilson Gomes Coelho<br \/>\nProf.\u00aa Dr.\u00aa Luana Grasiele Luca<br \/>\nRepresentante Discente &#8211; Aguardando indica\u00e7\u00e3o<\/p>\n<p><strong>Secret\u00e1rio(a): <\/strong>Fab\u00edola Cristina de Freitas<\/p>\n<p><strong>Calend\u00e1rio das Reuni\u00f5es Ordin\u00e1rias<\/strong> &#8211; <a href=\"https:\/\/boletimoficial.ufms.br\/bse\/publicacao?id=581006\">Resolu\u00e7\u00e3o 308-CGB\/PSI\/2025<\/a><\/p>\n<h5><\/h5>\n","protected":false},"excerpt":{"rendered":"<p>Composi\u00e7\u00e3o I \u2013 quatro docentes da Carreira do Magist\u00e9rio Superior lotados na Unidade da Administra\u00e7\u00e3o Setorial de oferta do curso, com mandato de dois anos, permitida uma recondu\u00e7\u00e3o; e II \u2013 um representante discente matriculado no respectivo curso, indicado pelo Diret\u00f3rio Central dos Estudantes, com mandato de um ano, permitida uma recondu\u00e7\u00e3o. 30\/11\/2021 \u00a7 1\u00ba [&hellip;]<\/p>\n","protected":false},"author":1582,"featured_media":0,"parent":308,"menu_order":0,"comment_status":"closed","ping_status":"closed","template":"","meta":{"footnotes":""},"coauthors":[373],"class_list":["post-857","page","type-page","status-publish","hentry"],"yoast_head":"<!-- This site is optimized with the Yoast SEO plugin v26.2 - https:\/\/yoast.com\/wordpress\/plugins\/seo\/ -->\n<title>Colegiado de Curso - Psicologia - CPAR - Campus de Parana\u00edba<\/title>\n<meta name=\"robots\" content=\"index, follow, max-snippet:-1, max-image-preview:large, max-video-preview:-1\" \/>\n<link rel=\"canonical\" href=\"https:\/\/cpar.ufms.br\/graduacao\/psicologia\/colegiado-de-curso\/\" \/>\n<meta property=\"og:locale\" content=\"en_US\" \/>\n<meta property=\"og:type\" content=\"article\" \/>\n<meta property=\"og:title\" content=\"Colegiado de Curso - Psicologia - CPAR - Campus de Parana\u00edba\" \/>\n<meta property=\"og:description\" content=\"Composi\u00e7\u00e3o I \u2013 quatro docentes da Carreira do Magist\u00e9rio Superior lotados na Unidade da Administra\u00e7\u00e3o Setorial de oferta do curso, com mandato de dois anos, permitida uma recondu\u00e7\u00e3o; e II \u2013 um representante discente matriculado no respectivo curso, indicado pelo Diret\u00f3rio Central dos Estudantes, com mandato de um ano, permitida uma recondu\u00e7\u00e3o. 30\/11\/2021 \u00a7 1\u00ba [&hellip;]\" \/>\n<meta property=\"og:url\" content=\"https:\/\/cpar.ufms.br\/graduacao\/psicologia\/colegiado-de-curso\/\" \/>\n<meta property=\"og:site_name\" content=\"CPAR - Campus de Parana\u00edba\" \/>\n<meta property=\"article:modified_time\" content=\"2025-12-16T21:24:19+00:00\" \/>\n<meta name=\"twitter:label1\" content=\"Est. reading time\" \/>\n\t<meta name=\"twitter:data1\" content=\"3 minutes\" \/>\n\t<meta name=\"twitter:label2\" content=\"Written by\" \/>\n\t<meta name=\"twitter:data2\" content=\"CPAR.UFMS\" \/>\n<script type=\"application\/ld+json\" class=\"yoast-schema-graph\">{\"@context\":\"https:\/\/schema.org\",\"@graph\":[{\"@type\":\"WebPage\",\"@id\":\"https:\/\/cpar.ufms.br\/graduacao\/psicologia\/colegiado-de-curso\/\",\"url\":\"https:\/\/cpar.ufms.br\/graduacao\/psicologia\/colegiado-de-curso\/\",\"name\":\"Colegiado de Curso - Psicologia - CPAR - Campus de Parana\u00edba\",\"isPartOf\":{\"@id\":\"https:\/\/cpar.ufms.br\/#website\"},\"datePublished\":\"2014-09-16T20:34:09+00:00\",\"dateModified\":\"2025-12-16T21:24:19+00:00\",\"breadcrumb\":{\"@id\":\"https:\/\/cpar.ufms.br\/graduacao\/psicologia\/colegiado-de-curso\/#breadcrumb\"},\"inLanguage\":\"en-US\",\"potentialAction\":[{\"@type\":\"ReadAction\",\"target\":[\"https:\/\/cpar.ufms.br\/graduacao\/psicologia\/colegiado-de-curso\/\"]}]},{\"@type\":\"BreadcrumbList\",\"@id\":\"https:\/\/cpar.ufms.br\/graduacao\/psicologia\/colegiado-de-curso\/#breadcrumb\",\"itemListElement\":[{\"@type\":\"ListItem\",\"position\":1,\"name\":\"In\u00edcio\",\"item\":\"https:\/\/cpar.ufms.br\/\"},{\"@type\":\"ListItem\",\"position\":2,\"name\":\"Gradua\u00e7\u00e3o\",\"item\":\"https:\/\/cpar.ufms.br\/graduacao\/\"},{\"@type\":\"ListItem\",\"position\":3,\"name\":\"Psicologia\",\"item\":\"https:\/\/cpar.ufms.br\/graduacao\/psicologia\/\"},{\"@type\":\"ListItem\",\"position\":4,\"name\":\"Colegiado de Curso &#8211; Psicologia\"}]},{\"@type\":\"WebSite\",\"@id\":\"https:\/\/cpar.ufms.br\/#website\",\"url\":\"https:\/\/cpar.ufms.br\/\",\"name\":\"CPAR - Campus de Parana\u00edba\",\"description\":\"Universidade Federal de Mato Grosso do Sul\",\"potentialAction\":[{\"@type\":\"SearchAction\",\"target\":{\"@type\":\"EntryPoint\",\"urlTemplate\":\"https:\/\/cpar.ufms.br\/?s={search_term_string}\"},\"query-input\":{\"@type\":\"PropertyValueSpecification\",\"valueRequired\":true,\"valueName\":\"search_term_string\"}}],\"inLanguage\":\"en-US\"}]}<\/script>\n<!-- \/ Yoast SEO plugin. -->","yoast_head_json":{"title":"Colegiado de Curso - Psicologia - CPAR - Campus de Parana\u00edba","robots":{"index":"index","follow":"follow","max-snippet":"max-snippet:-1","max-image-preview":"max-image-preview:large","max-video-preview":"max-video-preview:-1"},"canonical":"https:\/\/cpar.ufms.br\/graduacao\/psicologia\/colegiado-de-curso\/","og_locale":"en_US","og_type":"article","og_title":"Colegiado de Curso - Psicologia - CPAR - Campus de Parana\u00edba","og_description":"Composi\u00e7\u00e3o I \u2013 quatro docentes da Carreira do Magist\u00e9rio Superior lotados na Unidade da Administra\u00e7\u00e3o Setorial de oferta do curso, com mandato de dois anos, permitida uma recondu\u00e7\u00e3o; e II \u2013 um representante discente matriculado no respectivo curso, indicado pelo Diret\u00f3rio Central dos Estudantes, com mandato de um ano, permitida uma recondu\u00e7\u00e3o. 30\/11\/2021 \u00a7 1\u00ba [&hellip;]","og_url":"https:\/\/cpar.ufms.br\/graduacao\/psicologia\/colegiado-de-curso\/","og_site_name":"CPAR - Campus de Parana\u00edba","article_modified_time":"2025-12-16T21:24:19+00:00","twitter_misc":{"Est. reading time":"3 minutes","Written by":"CPAR.UFMS"},"schema":{"@context":"https:\/\/schema.org","@graph":[{"@type":"WebPage","@id":"https:\/\/cpar.ufms.br\/graduacao\/psicologia\/colegiado-de-curso\/","url":"https:\/\/cpar.ufms.br\/graduacao\/psicologia\/colegiado-de-curso\/","name":"Colegiado de Curso - Psicologia - CPAR - Campus de Parana\u00edba","isPartOf":{"@id":"https:\/\/cpar.ufms.br\/#website"},"datePublished":"2014-09-16T20:34:09+00:00","dateModified":"2025-12-16T21:24:19+00:00","breadcrumb":{"@id":"https:\/\/cpar.ufms.br\/graduacao\/psicologia\/colegiado-de-curso\/#breadcrumb"},"inLanguage":"en-US","potentialAction":[{"@type":"ReadAction","target":["https:\/\/cpar.ufms.br\/graduacao\/psicologia\/colegiado-de-curso\/"]}]},{"@type":"BreadcrumbList","@id":"https:\/\/cpar.ufms.br\/graduacao\/psicologia\/colegiado-de-curso\/#breadcrumb","itemListElement":[{"@type":"ListItem","position":1,"name":"In\u00edcio","item":"https:\/\/cpar.ufms.br\/"},{"@type":"ListItem","position":2,"name":"Gradua\u00e7\u00e3o","item":"https:\/\/cpar.ufms.br\/graduacao\/"},{"@type":"ListItem","position":3,"name":"Psicologia","item":"https:\/\/cpar.ufms.br\/graduacao\/psicologia\/"},{"@type":"ListItem","position":4,"name":"Colegiado de Curso &#8211; Psicologia"}]},{"@type":"WebSite","@id":"https:\/\/cpar.ufms.br\/#website","url":"https:\/\/cpar.ufms.br\/","name":"CPAR - Campus de Parana\u00edba","description":"Universidade Federal de Mato Grosso do Sul","potentialAction":[{"@type":"SearchAction","target":{"@type":"EntryPoint","urlTemplate":"https:\/\/cpar.ufms.br\/?s={search_term_string}"},"query-input":{"@type":"PropertyValueSpecification","valueRequired":true,"valueName":"search_term_string"}}],"inLanguage":"en-US"}]}},"_links":{"self":[{"href":"https:\/\/cpar.ufms.br\/en\/wp-json\/wp\/v2\/pages\/857","targetHints":{"allow":["GET"]}}],"collection":[{"href":"https:\/\/cpar.ufms.br\/en\/wp-json\/wp\/v2\/pages"}],"about":[{"href":"https:\/\/cpar.ufms.br\/en\/wp-json\/wp\/v2\/types\/page"}],"author":[{"embeddable":true,"href":"https:\/\/cpar.ufms.br\/en\/wp-json\/wp\/v2\/users\/1582"}],"replies":[{"embeddable":true,"href":"https:\/\/cpar.ufms.br\/en\/wp-json\/wp\/v2\/comments?post=857"}],"version-history":[{"count":28,"href":"https:\/\/cpar.ufms.br\/en\/wp-json\/wp\/v2\/pages\/857\/revisions"}],"predecessor-version":[{"id":17288,"href":"https:\/\/cpar.ufms.br\/en\/wp-json\/wp\/v2\/pages\/857\/revisions\/17288"}],"up":[{"embeddable":true,"href":"https:\/\/cpar.ufms.br\/en\/wp-json\/wp\/v2\/pages\/308"}],"wp:attachment":[{"href":"https:\/\/cpar.ufms.br\/en\/wp-json\/wp\/v2\/media?parent=857"}],"wp:term":[{"taxonomy":"author","embeddable":true,"href":"https:\/\/cpar.ufms.br\/en\/wp-json\/wp\/v2\/coauthors?post=857"}],"curies":[{"name":"wp","href":"https:\/\/api.w.org\/{rel}","templated":true}]}}