{"id":8776,"date":"2019-09-02T12:08:08","date_gmt":"2019-09-02T16:08:08","guid":{"rendered":"https:\/\/cpar.ufms.br\/?page_id=8776"},"modified":"2019-09-02T14:00:50","modified_gmt":"2019-09-02T18:00:50","slug":"enactus-empreendedorismo-social","status":"publish","type":"page","link":"https:\/\/cpar.ufms.br\/en\/graduacao\/administracao\/enactus-empreendedorismo-social\/","title":{"rendered":"ENACTUS &#8211; Empreendedorismo Social"},"content":{"rendered":"<p><b>Desenvolvimento de empreendedores sociais e organiza\u00e7\u00f5es socioprodutivas em Parana\u00edba-MS (time Enactus UFMS\/CPAR \u2013 2019)\u00a0<\/b><\/p>\n<p style=\"text-align: justify\">O Time Enactus UFMS\/CPAR \u00e9 um grupo de alunos que procuram oportunidades de desenvolver grupos informais para socioprodu\u00e7\u00e3o de produtos e servi\u00e7os, visando a gera\u00e7\u00e3o de renda e desenvolvimento da comunidade. O objetivo da a\u00e7\u00e3o \u00e9 desenvolver empreendedores sociais e organiza\u00e7\u00f5es socioprodutivas. Para o desenvolvimento da a\u00e7\u00e3o ser\u00e3o realizadas reuni\u00f5es semanais para alinhamento das atividades desenvolvidas, encontros frequentes com a comunidade, utiliza\u00e7\u00e3o da metodologia de capacita\u00e7\u00e3o em processo e realiza\u00e7\u00e3o de rodas de conversa, oficinas e cursos com o p\u00fablico alvo.<\/p>\n<p>Acesse o instagram:\u00a0 <a href=\"https:\/\/www.instagram.com\/enactusufmscpar\/\">@enactusufmscpar\u00a0<\/a><\/p>\n<p>Acesse a p\u00e1gina no Facebook: <a href=\"https:\/\/www.facebook.com\/enactusufmscpar\/\">https:\/\/www.facebook.com\/enactusufmscpar\/<\/a><\/p>\n<p>&nbsp;<\/p>\n","protected":false},"excerpt":{"rendered":"<p>Desenvolvimento de empreendedores sociais e organiza\u00e7\u00f5es socioprodutivas em Parana\u00edba-MS (time Enactus UFMS\/CPAR \u2013 2019)\u00a0 O Time Enactus UFMS\/CPAR \u00e9 um grupo de alunos que procuram oportunidades de desenvolver grupos informais para socioprodu\u00e7\u00e3o de produtos e servi\u00e7os, visando a gera\u00e7\u00e3o de renda e desenvolvimento da comunidade. O objetivo da a\u00e7\u00e3o \u00e9 desenvolver empreendedores sociais e organiza\u00e7\u00f5es [&hellip;]<\/p>\n","protected":false},"author":1381,"featured_media":8778,"parent":83,"menu_order":0,"comment_status":"closed","ping_status":"closed","template":"page-templates\/page-coordenadorias.php","meta":{"footnotes":""},"coauthors":[],"class_list":["post-8776","page","type-page","status-publish","has-post-thumbnail","hentry"],"yoast_head":"<!-- This site is optimized with the Yoast SEO plugin v26.2 - https:\/\/yoast.com\/wordpress\/plugins\/seo\/ -->\n<title>ENACTUS - Empreendedorismo Social - CPAR - Campus de Parana\u00edba<\/title>\n<meta name=\"robots\" content=\"index, follow, max-snippet:-1, max-image-preview:large, max-video-preview:-1\" \/>\n<link rel=\"canonical\" href=\"https:\/\/cpar.ufms.br\/graduacao\/administracao\/enactus-empreendedorismo-social\/\" \/>\n<meta property=\"og:locale\" content=\"en_US\" \/>\n<meta property=\"og:type\" content=\"article\" \/>\n<meta property=\"og:title\" content=\"ENACTUS - Empreendedorismo Social - CPAR - Campus de Parana\u00edba\" \/>\n<meta property=\"og:description\" content=\"Desenvolvimento de empreendedores sociais e organiza\u00e7\u00f5es socioprodutivas em Parana\u00edba-MS (time Enactus UFMS\/CPAR \u2013 2019)\u00a0 O Time Enactus UFMS\/CPAR \u00e9 um grupo de alunos que procuram oportunidades de desenvolver grupos informais para socioprodu\u00e7\u00e3o de produtos e servi\u00e7os, visando a gera\u00e7\u00e3o de renda e desenvolvimento da comunidade. O objetivo da a\u00e7\u00e3o \u00e9 desenvolver empreendedores sociais e organiza\u00e7\u00f5es [&hellip;]\" \/>\n<meta property=\"og:url\" content=\"https:\/\/cpar.ufms.br\/graduacao\/administracao\/enactus-empreendedorismo-social\/\" \/>\n<meta property=\"og:site_name\" content=\"CPAR - Campus de Parana\u00edba\" \/>\n<meta property=\"article:modified_time\" content=\"2019-09-02T18:00:50+00:00\" \/>\n<meta property=\"og:image\" content=\"https:\/\/cpar.ufms.br\/files\/2019\/09\/Untitled-3.jpg\" \/>\n\t<meta property=\"og:image:width\" content=\"1108\" \/>\n\t<meta property=\"og:image:height\" content=\"406\" \/>\n\t<meta property=\"og:image:type\" content=\"image\/jpeg\" \/>\n<meta name=\"twitter:label1\" content=\"Est. reading time\" \/>\n\t<meta name=\"twitter:data1\" content=\"1 minute\" \/>\n\t<meta name=\"twitter:label2\" content=\"Written by\" \/>\n\t<meta name=\"twitter:data2\" content=\"dirceu.matos\" \/>\n<script type=\"application\/ld+json\" class=\"yoast-schema-graph\">{\"@context\":\"https:\/\/schema.org\",\"@graph\":[{\"@type\":\"WebPage\",\"@id\":\"https:\/\/cpar.ufms.br\/graduacao\/administracao\/enactus-empreendedorismo-social\/\",\"url\":\"https:\/\/cpar.ufms.br\/graduacao\/administracao\/enactus-empreendedorismo-social\/\",\"name\":\"ENACTUS - Empreendedorismo Social - CPAR - Campus de Parana\u00edba\",\"isPartOf\":{\"@id\":\"https:\/\/cpar.ufms.br\/#website\"},\"primaryImageOfPage\":{\"@id\":\"https:\/\/cpar.ufms.br\/graduacao\/administracao\/enactus-empreendedorismo-social\/#primaryimage\"},\"image\":{\"@id\":\"https:\/\/cpar.ufms.br\/graduacao\/administracao\/enactus-empreendedorismo-social\/#primaryimage\"},\"thumbnailUrl\":\"https:\/\/cpar.ufms.br\/files\/2019\/09\/Untitled-3.jpg\",\"datePublished\":\"2019-09-02T16:08:08+00:00\",\"dateModified\":\"2019-09-02T18:00:50+00:00\",\"breadcrumb\":{\"@id\":\"https:\/\/cpar.ufms.br\/graduacao\/administracao\/enactus-empreendedorismo-social\/#breadcrumb\"},\"inLanguage\":\"en-US\",\"potentialAction\":[{\"@type\":\"ReadAction\",\"target\":[\"https:\/\/cpar.ufms.br\/graduacao\/administracao\/enactus-empreendedorismo-social\/\"]}]},{\"@type\":\"ImageObject\",\"inLanguage\":\"en-US\",\"@id\":\"https:\/\/cpar.ufms.br\/graduacao\/administracao\/enactus-empreendedorismo-social\/#primaryimage\",\"url\":\"https:\/\/cpar.ufms.br\/files\/2019\/09\/Untitled-3.jpg\",\"contentUrl\":\"https:\/\/cpar.ufms.br\/files\/2019\/09\/Untitled-3.jpg\",\"width\":1108,\"height\":406},{\"@type\":\"BreadcrumbList\",\"@id\":\"https:\/\/cpar.ufms.br\/graduacao\/administracao\/enactus-empreendedorismo-social\/#breadcrumb\",\"itemListElement\":[{\"@type\":\"ListItem\",\"position\":1,\"name\":\"In\u00edcio\",\"item\":\"https:\/\/cpar.ufms.br\/\"},{\"@type\":\"ListItem\",\"position\":2,\"name\":\"Gradua\u00e7\u00e3o\",\"item\":\"https:\/\/cpar.ufms.br\/graduacao\/\"},{\"@type\":\"ListItem\",\"position\":3,\"name\":\"Administra\u00e7\u00e3o\",\"item\":\"https:\/\/cpar.ufms.br\/graduacao\/administracao\/\"},{\"@type\":\"ListItem\",\"position\":4,\"name\":\"ENACTUS &#8211; Empreendedorismo Social\"}]},{\"@type\":\"WebSite\",\"@id\":\"https:\/\/cpar.ufms.br\/#website\",\"url\":\"https:\/\/cpar.ufms.br\/\",\"name\":\"CPAR - Campus de Parana\u00edba\",\"description\":\"Universidade Federal de Mato Grosso do Sul\",\"potentialAction\":[{\"@type\":\"SearchAction\",\"target\":{\"@type\":\"EntryPoint\",\"urlTemplate\":\"https:\/\/cpar.ufms.br\/?s={search_term_string}\"},\"query-input\":{\"@type\":\"PropertyValueSpecification\",\"valueRequired\":true,\"valueName\":\"search_term_string\"}}],\"inLanguage\":\"en-US\"}]}<\/script>\n<!-- \/ Yoast SEO plugin. -->","yoast_head_json":{"title":"ENACTUS - Empreendedorismo Social - CPAR - Campus de Parana\u00edba","robots":{"index":"index","follow":"follow","max-snippet":"max-snippet:-1","max-image-preview":"max-image-preview:large","max-video-preview":"max-video-preview:-1"},"canonical":"https:\/\/cpar.ufms.br\/graduacao\/administracao\/enactus-empreendedorismo-social\/","og_locale":"en_US","og_type":"article","og_title":"ENACTUS - Empreendedorismo Social - CPAR - Campus de Parana\u00edba","og_description":"Desenvolvimento de empreendedores sociais e organiza\u00e7\u00f5es socioprodutivas em Parana\u00edba-MS (time Enactus UFMS\/CPAR \u2013 2019)\u00a0 O Time Enactus UFMS\/CPAR \u00e9 um grupo de alunos que procuram oportunidades de desenvolver grupos informais para socioprodu\u00e7\u00e3o de produtos e servi\u00e7os, visando a gera\u00e7\u00e3o de renda e desenvolvimento da comunidade. O objetivo da a\u00e7\u00e3o \u00e9 desenvolver empreendedores sociais e organiza\u00e7\u00f5es [&hellip;]","og_url":"https:\/\/cpar.ufms.br\/graduacao\/administracao\/enactus-empreendedorismo-social\/","og_site_name":"CPAR - Campus de Parana\u00edba","article_modified_time":"2019-09-02T18:00:50+00:00","og_image":[{"width":1108,"height":406,"url":"https:\/\/cpar.ufms.br\/files\/2019\/09\/Untitled-3.jpg","type":"image\/jpeg"}],"twitter_misc":{"Est. reading time":"1 minute","Written by":"dirceu.matos"},"schema":{"@context":"https:\/\/schema.org","@graph":[{"@type":"WebPage","@id":"https:\/\/cpar.ufms.br\/graduacao\/administracao\/enactus-empreendedorismo-social\/","url":"https:\/\/cpar.ufms.br\/graduacao\/administracao\/enactus-empreendedorismo-social\/","name":"ENACTUS - Empreendedorismo Social - CPAR - Campus de Parana\u00edba","isPartOf":{"@id":"https:\/\/cpar.ufms.br\/#website"},"primaryImageOfPage":{"@id":"https:\/\/cpar.ufms.br\/graduacao\/administracao\/enactus-empreendedorismo-social\/#primaryimage"},"image":{"@id":"https:\/\/cpar.ufms.br\/graduacao\/administracao\/enactus-empreendedorismo-social\/#primaryimage"},"thumbnailUrl":"https:\/\/cpar.ufms.br\/files\/2019\/09\/Untitled-3.jpg","datePublished":"2019-09-02T16:08:08+00:00","dateModified":"2019-09-02T18:00:50+00:00","breadcrumb":{"@id":"https:\/\/cpar.ufms.br\/graduacao\/administracao\/enactus-empreendedorismo-social\/#breadcrumb"},"inLanguage":"en-US","potentialAction":[{"@type":"ReadAction","target":["https:\/\/cpar.ufms.br\/graduacao\/administracao\/enactus-empreendedorismo-social\/"]}]},{"@type":"ImageObject","inLanguage":"en-US","@id":"https:\/\/cpar.ufms.br\/graduacao\/administracao\/enactus-empreendedorismo-social\/#primaryimage","url":"https:\/\/cpar.ufms.br\/files\/2019\/09\/Untitled-3.jpg","contentUrl":"https:\/\/cpar.ufms.br\/files\/2019\/09\/Untitled-3.jpg","width":1108,"height":406},{"@type":"BreadcrumbList","@id":"https:\/\/cpar.ufms.br\/graduacao\/administracao\/enactus-empreendedorismo-social\/#breadcrumb","itemListElement":[{"@type":"ListItem","position":1,"name":"In\u00edcio","item":"https:\/\/cpar.ufms.br\/"},{"@type":"ListItem","position":2,"name":"Gradua\u00e7\u00e3o","item":"https:\/\/cpar.ufms.br\/graduacao\/"},{"@type":"ListItem","position":3,"name":"Administra\u00e7\u00e3o","item":"https:\/\/cpar.ufms.br\/graduacao\/administracao\/"},{"@type":"ListItem","position":4,"name":"ENACTUS &#8211; Empreendedorismo Social"}]},{"@type":"WebSite","@id":"https:\/\/cpar.ufms.br\/#website","url":"https:\/\/cpar.ufms.br\/","name":"CPAR - Campus de Parana\u00edba","description":"Universidade Federal de Mato Grosso do Sul","potentialAction":[{"@type":"SearchAction","target":{"@type":"EntryPoint","urlTemplate":"https:\/\/cpar.ufms.br\/?s={search_term_string}"},"query-input":{"@type":"PropertyValueSpecification","valueRequired":true,"valueName":"search_term_string"}}],"inLanguage":"en-US"}]}},"_links":{"self":[{"href":"https:\/\/cpar.ufms.br\/en\/wp-json\/wp\/v2\/pages\/8776","targetHints":{"allow":["GET"]}}],"collection":[{"href":"https:\/\/cpar.ufms.br\/en\/wp-json\/wp\/v2\/pages"}],"about":[{"href":"https:\/\/cpar.ufms.br\/en\/wp-json\/wp\/v2\/types\/page"}],"author":[{"embeddable":true,"href":"https:\/\/cpar.ufms.br\/en\/wp-json\/wp\/v2\/users\/1381"}],"replies":[{"embeddable":true,"href":"https:\/\/cpar.ufms.br\/en\/wp-json\/wp\/v2\/comments?post=8776"}],"version-history":[{"count":2,"href":"https:\/\/cpar.ufms.br\/en\/wp-json\/wp\/v2\/pages\/8776\/revisions"}],"predecessor-version":[{"id":8784,"href":"https:\/\/cpar.ufms.br\/en\/wp-json\/wp\/v2\/pages\/8776\/revisions\/8784"}],"up":[{"embeddable":true,"href":"https:\/\/cpar.ufms.br\/en\/wp-json\/wp\/v2\/pages\/83"}],"wp:featuredmedia":[{"embeddable":true,"href":"https:\/\/cpar.ufms.br\/en\/wp-json\/wp\/v2\/media\/8778"}],"wp:attachment":[{"href":"https:\/\/cpar.ufms.br\/en\/wp-json\/wp\/v2\/media?parent=8776"}],"wp:term":[{"taxonomy":"author","embeddable":true,"href":"https:\/\/cpar.ufms.br\/en\/wp-json\/wp\/v2\/coauthors?post=8776"}],"curies":[{"name":"wp","href":"https:\/\/api.w.org\/{rel}","templated":true}]}}