{"id":883,"date":"2014-09-17T09:09:37","date_gmt":"2014-09-17T13:09:37","guid":{"rendered":"http:\/\/cpar.draconis.ufms.br\/?page_id=883"},"modified":"2026-01-06T09:48:44","modified_gmt":"2026-01-06T13:48:44","slug":"nucleo-docente-estruturante","status":"publish","type":"page","link":"https:\/\/cpar.ufms.br\/en\/graduacao\/administracao\/nucleo-docente-estruturante\/","title":{"rendered":"N\u00facleo Docente Estruturante"},"content":{"rendered":"<p style=\"text-align: justify\"><strong>O N\u00facleo Docente Estruturante (NDE) tem por objetivo atuar no processo de concep\u00e7\u00e3o, consolida\u00e7\u00e3o e cont\u00ednua atualiza\u00e7\u00e3o do Projeto Pedag\u00f3gico do Curso.<\/strong><\/p>\n<p style=\"text-align: justify\">S\u00e3o atribui\u00e7\u00f5es do N\u00facleo Docente Estruturante (NDE):<\/p>\n<p style=\"text-align: justify\">&#8211; contribuir para a consolida\u00e7\u00e3o do perfil profissional do egresso do curso;<\/p>\n<p style=\"text-align: justify\">&#8211; propor estrat\u00e9gias de integra\u00e7\u00e3o curricular interdisciplinar entre as diferentes atividades de ensino constantes no curr\u00edculo;<\/p>\n<p style=\"text-align: justify\">\u00a0&#8211; sugerir a\u00e7\u00f5es no PPC que contribuam para a melhoria dos \u00edndices de desempenho do curso;<\/p>\n<p style=\"text-align: justify\">&#8211; zelar pelo cumprimento das Diretrizes Curriculares Nacionais (DCN) para o Curso de Gradua\u00e7\u00e3o;<\/p>\n<p style=\"text-align: justify\">&#8211; atuar no acompanhamento, na consolida\u00e7\u00e3o, na avalia\u00e7\u00e3o e na atualiza\u00e7\u00e3o<br \/>\ndo Projeto Pedag\u00f3gico do Curso, na realiza\u00e7\u00e3o de estudos visando \u00e0 atualiza\u00e7\u00e3o peri\u00f3dica, \u00e0 verifica\u00e7\u00e3o do impacto do sistema de avalia\u00e7\u00e3o de aprendizagem na forma\u00e7\u00e3o do estudante e na an\u00e1lise da adequa\u00e7\u00e3o do perfil do egresso, considerando as DCN e as novas demandas do mundo do trabalho;<\/p>\n<p style=\"text-align: justify\">&#8211; referendar e assinar Relat\u00f3rio de Adequa\u00e7\u00e3o de Bibliografia B\u00e1sica e Complementar que comprove a compatibilidade entre o n\u00famero de vagas autorizadas (do pr\u00f3prio curso e de outros que utilizem os tulos) e a quantidade de exemplares por tulo (ou assinatura de acesso) dispon\u00edvel no acervo, nas bibliografias b\u00e1sicas e complementares de cada Componente Curricular; e<\/p>\n<p style=\"text-align: justify\">\u00a0\u2013 elaborar, a cada dois anos, relat\u00f3rio de acompanhamento do Projeto Pedag\u00f3gico do Curso (PPC).<\/p>\n<p style=\"text-align: justify\">(Artigos 3\u00ba e 6\u00ba do Regulamento do N\u00facleo Docente Estruturante -NDE &#8211; Resolu\u00e7\u00e3o n.\u00ba 537\/2019 &#8211; COGRAD)<\/p>\n<p style=\"text-align: justify\"><span style=\"color: #ffffff\">.6..<\/span><\/p>\n<p><strong>Membros do N\u00facleo Docente Estruturante do Curso de Administra\u00e7\u00e3o &#8211; Bacharelado:<\/strong><\/p>\n<p>Prof. Dr. Fabiano Martin Tiossi &#8211; Presidente<\/p>\n<p>Prof. Dr. Carlos Rodrigues da Silva<\/p>\n<p>Prof. Dr. Ricardo Jos\u00e9 dos Santos<\/p>\n<p>Prof. Dr. Rafael Pazeto Alvarenga<\/p>\n<p>Prof. Dr. Dalton de Sousa<\/p>\n<p>Mandato at\u00e9 2<span class=\"fontstyle0\">\u00ba de maio de 2026.<\/span><\/p>\n","protected":false},"excerpt":{"rendered":"<p>O N\u00facleo Docente Estruturante (NDE) tem por objetivo atuar no processo de concep\u00e7\u00e3o, consolida\u00e7\u00e3o e cont\u00ednua atualiza\u00e7\u00e3o do Projeto Pedag\u00f3gico do Curso. S\u00e3o atribui\u00e7\u00f5es do N\u00facleo Docente Estruturante (NDE): &#8211; contribuir para a consolida\u00e7\u00e3o do perfil profissional do egresso do curso; &#8211; propor estrat\u00e9gias de integra\u00e7\u00e3o curricular interdisciplinar entre as diferentes atividades de ensino constantes [&hellip;]<\/p>\n","protected":false},"author":1582,"featured_media":0,"parent":83,"menu_order":0,"comment_status":"closed","ping_status":"open","template":"","meta":{"footnotes":""},"coauthors":[373],"class_list":["post-883","page","type-page","status-publish","hentry"],"yoast_head":"<!-- This site is optimized with the Yoast SEO plugin v26.2 - https:\/\/yoast.com\/wordpress\/plugins\/seo\/ -->\n<title>N\u00facleo Docente Estruturante - CPAR - Campus de Parana\u00edba<\/title>\n<meta name=\"robots\" content=\"index, follow, max-snippet:-1, max-image-preview:large, max-video-preview:-1\" \/>\n<link rel=\"canonical\" href=\"https:\/\/cpar.ufms.br\/graduacao\/administracao\/nucleo-docente-estruturante\/\" \/>\n<meta property=\"og:locale\" content=\"en_US\" \/>\n<meta property=\"og:type\" content=\"article\" \/>\n<meta property=\"og:title\" content=\"N\u00facleo Docente Estruturante - CPAR - Campus de Parana\u00edba\" \/>\n<meta property=\"og:description\" content=\"O N\u00facleo Docente Estruturante (NDE) tem por objetivo atuar no processo de concep\u00e7\u00e3o, consolida\u00e7\u00e3o e cont\u00ednua atualiza\u00e7\u00e3o do Projeto Pedag\u00f3gico do Curso. S\u00e3o atribui\u00e7\u00f5es do N\u00facleo Docente Estruturante (NDE): &#8211; contribuir para a consolida\u00e7\u00e3o do perfil profissional do egresso do curso; &#8211; propor estrat\u00e9gias de integra\u00e7\u00e3o curricular interdisciplinar entre as diferentes atividades de ensino constantes [&hellip;]\" \/>\n<meta property=\"og:url\" content=\"https:\/\/cpar.ufms.br\/graduacao\/administracao\/nucleo-docente-estruturante\/\" \/>\n<meta property=\"og:site_name\" content=\"CPAR - Campus de Parana\u00edba\" \/>\n<meta property=\"article:modified_time\" content=\"2026-01-06T13:48:44+00:00\" \/>\n<meta name=\"twitter:label1\" content=\"Est. reading time\" \/>\n\t<meta name=\"twitter:data1\" content=\"2 minutes\" \/>\n\t<meta name=\"twitter:label2\" content=\"Written by\" \/>\n\t<meta name=\"twitter:data2\" content=\"CPAR.UFMS\" \/>\n<script type=\"application\/ld+json\" class=\"yoast-schema-graph\">{\"@context\":\"https:\/\/schema.org\",\"@graph\":[{\"@type\":\"WebPage\",\"@id\":\"https:\/\/cpar.ufms.br\/graduacao\/administracao\/nucleo-docente-estruturante\/\",\"url\":\"https:\/\/cpar.ufms.br\/graduacao\/administracao\/nucleo-docente-estruturante\/\",\"name\":\"N\u00facleo Docente Estruturante - CPAR - Campus de Parana\u00edba\",\"isPartOf\":{\"@id\":\"https:\/\/cpar.ufms.br\/#website\"},\"datePublished\":\"2014-09-17T13:09:37+00:00\",\"dateModified\":\"2026-01-06T13:48:44+00:00\",\"breadcrumb\":{\"@id\":\"https:\/\/cpar.ufms.br\/graduacao\/administracao\/nucleo-docente-estruturante\/#breadcrumb\"},\"inLanguage\":\"en-US\",\"potentialAction\":[{\"@type\":\"ReadAction\",\"target\":[\"https:\/\/cpar.ufms.br\/graduacao\/administracao\/nucleo-docente-estruturante\/\"]}]},{\"@type\":\"BreadcrumbList\",\"@id\":\"https:\/\/cpar.ufms.br\/graduacao\/administracao\/nucleo-docente-estruturante\/#breadcrumb\",\"itemListElement\":[{\"@type\":\"ListItem\",\"position\":1,\"name\":\"In\u00edcio\",\"item\":\"https:\/\/cpar.ufms.br\/\"},{\"@type\":\"ListItem\",\"position\":2,\"name\":\"Gradua\u00e7\u00e3o\",\"item\":\"https:\/\/cpar.ufms.br\/graduacao\/\"},{\"@type\":\"ListItem\",\"position\":3,\"name\":\"Administra\u00e7\u00e3o\",\"item\":\"https:\/\/cpar.ufms.br\/graduacao\/administracao\/\"},{\"@type\":\"ListItem\",\"position\":4,\"name\":\"N\u00facleo Docente Estruturante\"}]},{\"@type\":\"WebSite\",\"@id\":\"https:\/\/cpar.ufms.br\/#website\",\"url\":\"https:\/\/cpar.ufms.br\/\",\"name\":\"CPAR - Campus de Parana\u00edba\",\"description\":\"Universidade Federal de Mato Grosso do Sul\",\"potentialAction\":[{\"@type\":\"SearchAction\",\"target\":{\"@type\":\"EntryPoint\",\"urlTemplate\":\"https:\/\/cpar.ufms.br\/?s={search_term_string}\"},\"query-input\":{\"@type\":\"PropertyValueSpecification\",\"valueRequired\":true,\"valueName\":\"search_term_string\"}}],\"inLanguage\":\"en-US\"}]}<\/script>\n<!-- \/ Yoast SEO plugin. -->","yoast_head_json":{"title":"N\u00facleo Docente Estruturante - CPAR - Campus de Parana\u00edba","robots":{"index":"index","follow":"follow","max-snippet":"max-snippet:-1","max-image-preview":"max-image-preview:large","max-video-preview":"max-video-preview:-1"},"canonical":"https:\/\/cpar.ufms.br\/graduacao\/administracao\/nucleo-docente-estruturante\/","og_locale":"en_US","og_type":"article","og_title":"N\u00facleo Docente Estruturante - CPAR - Campus de Parana\u00edba","og_description":"O N\u00facleo Docente Estruturante (NDE) tem por objetivo atuar no processo de concep\u00e7\u00e3o, consolida\u00e7\u00e3o e cont\u00ednua atualiza\u00e7\u00e3o do Projeto Pedag\u00f3gico do Curso. S\u00e3o atribui\u00e7\u00f5es do N\u00facleo Docente Estruturante (NDE): &#8211; contribuir para a consolida\u00e7\u00e3o do perfil profissional do egresso do curso; &#8211; propor estrat\u00e9gias de integra\u00e7\u00e3o curricular interdisciplinar entre as diferentes atividades de ensino constantes [&hellip;]","og_url":"https:\/\/cpar.ufms.br\/graduacao\/administracao\/nucleo-docente-estruturante\/","og_site_name":"CPAR - Campus de Parana\u00edba","article_modified_time":"2026-01-06T13:48:44+00:00","twitter_misc":{"Est. reading time":"2 minutes","Written by":"CPAR.UFMS"},"schema":{"@context":"https:\/\/schema.org","@graph":[{"@type":"WebPage","@id":"https:\/\/cpar.ufms.br\/graduacao\/administracao\/nucleo-docente-estruturante\/","url":"https:\/\/cpar.ufms.br\/graduacao\/administracao\/nucleo-docente-estruturante\/","name":"N\u00facleo Docente Estruturante - CPAR - Campus de Parana\u00edba","isPartOf":{"@id":"https:\/\/cpar.ufms.br\/#website"},"datePublished":"2014-09-17T13:09:37+00:00","dateModified":"2026-01-06T13:48:44+00:00","breadcrumb":{"@id":"https:\/\/cpar.ufms.br\/graduacao\/administracao\/nucleo-docente-estruturante\/#breadcrumb"},"inLanguage":"en-US","potentialAction":[{"@type":"ReadAction","target":["https:\/\/cpar.ufms.br\/graduacao\/administracao\/nucleo-docente-estruturante\/"]}]},{"@type":"BreadcrumbList","@id":"https:\/\/cpar.ufms.br\/graduacao\/administracao\/nucleo-docente-estruturante\/#breadcrumb","itemListElement":[{"@type":"ListItem","position":1,"name":"In\u00edcio","item":"https:\/\/cpar.ufms.br\/"},{"@type":"ListItem","position":2,"name":"Gradua\u00e7\u00e3o","item":"https:\/\/cpar.ufms.br\/graduacao\/"},{"@type":"ListItem","position":3,"name":"Administra\u00e7\u00e3o","item":"https:\/\/cpar.ufms.br\/graduacao\/administracao\/"},{"@type":"ListItem","position":4,"name":"N\u00facleo Docente Estruturante"}]},{"@type":"WebSite","@id":"https:\/\/cpar.ufms.br\/#website","url":"https:\/\/cpar.ufms.br\/","name":"CPAR - Campus de Parana\u00edba","description":"Universidade Federal de Mato Grosso do Sul","potentialAction":[{"@type":"SearchAction","target":{"@type":"EntryPoint","urlTemplate":"https:\/\/cpar.ufms.br\/?s={search_term_string}"},"query-input":{"@type":"PropertyValueSpecification","valueRequired":true,"valueName":"search_term_string"}}],"inLanguage":"en-US"}]}},"_links":{"self":[{"href":"https:\/\/cpar.ufms.br\/en\/wp-json\/wp\/v2\/pages\/883","targetHints":{"allow":["GET"]}}],"collection":[{"href":"https:\/\/cpar.ufms.br\/en\/wp-json\/wp\/v2\/pages"}],"about":[{"href":"https:\/\/cpar.ufms.br\/en\/wp-json\/wp\/v2\/types\/page"}],"author":[{"embeddable":true,"href":"https:\/\/cpar.ufms.br\/en\/wp-json\/wp\/v2\/users\/1582"}],"replies":[{"embeddable":true,"href":"https:\/\/cpar.ufms.br\/en\/wp-json\/wp\/v2\/comments?post=883"}],"version-history":[{"count":22,"href":"https:\/\/cpar.ufms.br\/en\/wp-json\/wp\/v2\/pages\/883\/revisions"}],"predecessor-version":[{"id":17316,"href":"https:\/\/cpar.ufms.br\/en\/wp-json\/wp\/v2\/pages\/883\/revisions\/17316"}],"up":[{"embeddable":true,"href":"https:\/\/cpar.ufms.br\/en\/wp-json\/wp\/v2\/pages\/83"}],"wp:attachment":[{"href":"https:\/\/cpar.ufms.br\/en\/wp-json\/wp\/v2\/media?parent=883"}],"wp:term":[{"taxonomy":"author","embeddable":true,"href":"https:\/\/cpar.ufms.br\/en\/wp-json\/wp\/v2\/coauthors?post=883"}],"curies":[{"name":"wp","href":"https:\/\/api.w.org\/{rel}","templated":true}]}}